{"id":10665,"date":"2019-12-06T12:27:47","date_gmt":"2019-12-06T12:27:47","guid":{"rendered":"https:\/\/radioiptech.wpengine.com\/?page_id=10665"},"modified":"2020-10-01T08:43:42","modified_gmt":"2020-10-01T08:43:42","slug":"terms-of-use","status":"publish","type":"page","link":"https:\/\/www.radio-ip.com\/fr\/terms-of-use\/","title":{"rendered":"Conditions d&#39;utilisation"},"content":{"rendered":"<div class=\"vc_row wpb_row vc_row-fluid mkd-section mkd-content-aligment-left mkd-grid-section\" style=\"\"><div class=\"clearfix mkd-section-inner\"><div class=\"mkd-section-inner-margin clearfix\"><div class=\"wpb_column vc_column_container vc_col-sm-12\"><div class=\"vc_column-inner\"><div class=\"wpb_wrapper\">\n\t<div class=\"wpb_text_column wpb_content_element\" >\n\t\t<div class=\"wpb_wrapper\">\n\t\t\t<p style=\"text-align: center;\">Nous vous souhaitons la bienvenue et vous remercions d&#39;utiliser notre site Web, d\u00e9tenu et exploit\u00e9 par Radio IP Software, Inc. (<a href=\"https:\/\/www.radio-ip.com\/fr\/contacts\/\">Radio IP<\/a>) ayant son si\u00e8ge social au<br \/>\n1111, rue St-Charles Ouest, tour Est, bureau 555, Longueuil, Qu\u00e9bec, Canada, J4K 5G4.<\/p>\n\n\t\t<\/div>\n\t<\/div>\n<div class=\"vc_empty_space\"   style=\"height: 32px\"><span class=\"vc_empty_space_inner\"><\/span><\/div>\n\t<div class=\"wpb_text_column wpb_content_element\" >\n\t\t<div class=\"wpb_wrapper\">\n\t\t\t<h3>Acceptation des conditions d&#39;utilisation<\/h3>\n<p>Vous trouverez ci-apr\u00e8s les conditions d'utilisation du Site (les \u00abConditions d'Utilisation\u00bb), qui constituent un contrat entre vous et Radio IP concernant l'acc\u00e8s et l'utilisation du Site. Radio IP vous invite \u00e0 lire attentivement les conditions d'utilisation avant d'utiliser le site et \u00e0 ne pas h\u00e9siter \u00e0 contacter Radio IP si vous avez des questions au<a href=\"tel:877-890-1511\"> 1-877-890-1511<\/a>.<\/p>\n<p>L&#39;acc\u00e8s au Site vous est propos\u00e9 par Radio IP \u00e0 condition d&#39;accepter les Conditions G\u00e9n\u00e9rales d&#39;Utilisation. En utilisant le site, vous acceptez d&#39;\u00eatre li\u00e9 par ces conditions d&#39;utilisation. Si vous ne souhaitez pas accepter les conditions d&#39;utilisation, veuillez cesser d&#39;utiliser le site.<\/p>\n<h3>Modification des conditions d&#39;utilisation<\/h3>\n<p>Dans un esprit d&#39;am\u00e9lioration continue de ses moyens, Radio IP se r\u00e9serve le droit de modifier, \u00e0 sa seule discr\u00e9tion, les conditions d&#39;utilisation ou d&#39;ajouter de nouvelles conditions g\u00e9n\u00e9rales. En acc\u00e9dant et en utilisant le Site, vous acceptez de respecter et d&#39;\u00eatre li\u00e9 par les modifications. Radio IP vous invite \u00e0 consulter les conditions d&#39;utilisation de temps \u00e0 autre pour \u00eatre \u00e0 jour.<\/p>\n<h3>Suspension ou r\u00e9siliation de l&#39;acc\u00e8s au Site<\/h3>\n<p>Radio IP peut, \u00e0 sa seule discr\u00e9tion, d\u00e9cider de cesser de vous fournir (de mani\u00e8re permanente ou temporaire), \u00e0 vous ou \u00e0 tous, l&#39;acc\u00e8s au Site (ou \u00e0 une fonctionnalit\u00e9 du Site) sans pr\u00e9avis.<\/p>\n<p>Si Radio IP rencontre des difficult\u00e9s techniques avec le site, il se peut que vous ne puissiez pas acc\u00e9der au site pendant cette p\u00e9riode de probl\u00e8me. Radio IP d\u00e9ploiera des efforts commerciaux raisonnables pour corriger le probl\u00e8me et r\u00e9tablir votre connexion.<\/p>\n<h3>Utilisation du site<\/h3>\n<p>Le Site vous permet d&#39;acc\u00e9der \u00e0 des informations sur les diff\u00e9rents produits et services propos\u00e9s par Radio IP.<\/p>\n<p>Les informations fournies sur le Site sont propos\u00e9es par Radio IP \u00e0 titre indicatif uniquement et doivent \u00eatre consid\u00e9r\u00e9es comme non officielles.<\/p>\n<p>Radio IP d\u00e9ploie des efforts commerciaux raisonnables pour garantir la fiabilit\u00e9 des informations publi\u00e9es sur le Site lors de leur publication. Cependant, Radio IP ne peut garantir qu&#39;il est complet, \u00e0 jour et sans erreur.<\/p>\n<p>L&#39;utilisation que vous faites du Site est \u00e0 votre discr\u00e9tion et vous assumez tous les risques qui y sont associ\u00e9s.<\/p>\n<h3>Courrier \u00e9lectronique<\/h3>\n<p>Le courrier \u00e9lectronique n&#39;est ni prot\u00e9g\u00e9 ni confidentiel. Il peut \u00eatre perdu ou intercept\u00e9, tout comme les communications par d&#39;autres moyens (par exemple, le courrier postal). Aucun syst\u00e8me \u00e9lectronique ne peut \u00eatre parfaitement prot\u00e9g\u00e9 ou exempt d&#39;erreurs. Radio IP ne sera pas responsable des dommages que vous pourriez subir par l&#39;\u00e9change de courrier \u00e9lectronique ou de messages, s&#39;ils sont g\u00e9n\u00e9r\u00e9s par vous ou par Radio IP.<\/p>\n<h3>Droits d'auteur<\/h3>\n<p>Tous les textes, images, photographies, informations, clips audio, clips vid\u00e9o, logiciels et codes disponibles sur le site (collectivement le \u00abcontenu\u00bb), y compris la pr\u00e9sentation du contenu, sont prot\u00e9g\u00e9s par les lois canadiennes et \u00e9trang\u00e8res, y compris les droits d\u2019auteur, et appartiennent \u00e0 Radio IP, ses soci\u00e9t\u00e9s affili\u00e9es ou ses conc\u00e9dants de licence.<\/p>\n<p>Radio IP vous accorde une licence non exclusive et non transf\u00e9rable pour utiliser et afficher le Site et son Contenu sur votre ordinateur, t\u00e9l\u00e9phone mobile ou tout autre appareil \u00e9lectronique, uniquement pour un usage personnel et non commercial, et pour en faire une copie, pour \u00e0 des fins de sauvegarde ou de copie papier, \u00e0 condition de ne pas modifier leur contenu et de conserver les mentions de copyright.<\/p>\n<p>La modification, la reproduction, la distribution, la transmission, la diffusion, la repr\u00e9sentation, la mise en r\u00e9seau, le marketing, la publication, l&#39;octroi de licences, l&#39;ex\u00e9cution publique, le t\u00e9l\u00e9chargement, la cr\u00e9ation d&#39;\u0153uvres d\u00e9riv\u00e9es, l&#39;affichage sur Internet, la vente ou toute exploitation du Site et de son Contenu sont interdits.<\/p>\n<h3>Logiciel<\/h3>\n<p>Tous les logiciels int\u00e9gr\u00e9s ou inclus sur le Site, y compris tous les fichiers et \/ ou images contenus dans ou g\u00e9n\u00e9r\u00e9s par ces logiciels, sont prot\u00e9g\u00e9s par les droits d\u2019auteur et peuvent \u00e9galement \u00eatre prot\u00e9g\u00e9s par d'autres droits. Ce logiciel appartient \u00e0 Radio IP, \u00e0 ses soci\u00e9t\u00e9s affili\u00e9es ou \u00e0 ses conc\u00e9dants de licence.<\/p>\n<p><strong>Vous ne pouvez pas: <\/strong><\/p>\n<p>(i) utiliser, reproduire, modifier, adapter, traduire, t\u00e9l\u00e9charger ou transmettre le logiciel, en tout ou en partie;<\/p>\n<p>(ii) vendre, louer, conc\u00e9der sous licence ou transf\u00e9rer le logiciel ou autrement autoriser l'acc\u00e8s \u00e0 celui-ci;<\/p>\n<p>(iii) modifier, supprimer ou couvrir toute marque de commerce ou avis de propri\u00e9t\u00e9 inclus dans le logiciel; et \/ ou<\/p>\n<p>(iv) d\u00e9compiler, d\u00e9sassembler, d\u00e9crypter, extraire ou effectuer une r\u00e9tro-ing\u00e9nierie du Site et de ses composants, y compris, sans limitation, le logiciel, ou aider quiconque \u00e0 le faire.<\/p>\n<p>Vous reconnaissez que vous ne d\u00e9tenez aucun droit, titre, int\u00e9r\u00eat ou licence sur ou dans le logiciel int\u00e9gr\u00e9 au Site ou qui peut \u00eatre t\u00e9l\u00e9charg\u00e9 \u00e0 partir du Site.<\/p>\n<h3>Marques de commerce<\/h3>\n<p>Certains noms, mots, titres, phrases, graphiques, logos, ic\u00f4nes ou dessins utilis\u00e9s sur le Site peuvent \u00eatre des marques de commerce appartenant \u00e0 Radio IP ou \u00e0 d&#39;autres fournisseurs de services et \/ ou utilis\u00e9s avec le consentement de propri\u00e9taires tiers (les \u00abMarques\u00bb). Vous vous engagez \u00e0 ne pas supprimer, modifier ou autrement modifier les marques de commerce, marques de service, logos et autres informations exclusives contenues sur le Site. Les marques de commerce et les informations contenues sur le Site, y compris les commentaires des utilisateurs, ne peuvent \u00eatre reproduites, en tout ou en partie, ou utilis\u00e9es de quelque mani\u00e8re que ce soit sans avoir obtenu au pr\u00e9alable l&#39;autorisation \u00e9crite de Radio IP.<\/p>\n<h3>Hyperliens<\/h3>\n<p>Le fait que le Site propose des liens vers d'autres sites Web ne signifie pas que Radio IP cautionne ou approuve le contenu de ces sites Web ou les produits, services ou publications qui peuvent y appara\u00eetre. Le contenu disponible via ces hyperliens n'est pas soumis aux politiques de Radio IP. Par cons\u00e9quent, Radio IP ne sera pas tenue responsable des dommages que vous pourriez subir lorsque vous \u00eates redirig\u00e9 vers un autre site Web au moyen d'un lien hypertexte.<\/p>\n<h3>Limitation de responsabilit\u00e9<\/h3>\n<p>Radio IP d\u00e9ploie des efforts commerciaux raisonnables pour fournir des informations exactes et \u00e0 jour sur le Site. Cependant, Radio IP n&#39;offre aucune garantie concernant le Site et son Contenu qui:<\/p>\n<ul>\n<li><span style=\"color: #000000;\">Ce r\u00e9pondra \u00e0 vos besoins et attentes; ou<\/span><\/li>\n<li><span style=\"color: #000000;\">Ce sera pr\u00e9cis, complet, fiable ou pertinent; ou<\/span><\/li>\n<li><span style=\"color: #000000;\">Son fonctionnement sera ininterrompu, opportun, s\u00e9curis\u00e9 ou sans erreur; ou<\/span><\/li>\n<li><span style=\"color: #000000;\">Que les d\u00e9fauts ou erreurs seront corrig\u00e9s; ou<\/span><\/li>\n<li><span style=\"color: #000000;\">Qu'il sera exempt de virus ou d'\u00e9l\u00e9ments nuisibles.<\/span><\/li>\n<\/ul>\n<p>Radio IP d\u00e9cline express\u00e9ment toutes les garanties implicites de toute nature, y compris mais sans s&#39;y limiter:<\/p>\n<ul>\n<li><span style=\"color: #000000;\">Valeur marchande;<\/span><\/li>\n<li><span style=\"color: #000000;\">Aptitude \u00e0 un usage particulier; et<\/span><\/li>\n<li><span style=\"color: #000000;\">Non-contrefa\u00e7on.<\/span><\/li>\n<\/ul>\n<p>Vous acceptez que Radio IP, ses employ\u00e9s, dirigeants, administrateurs ou repr\u00e9sentants (\u00abrepr\u00e9sentants de Radio IP\u00bb) n'assument aucune responsabilit\u00e9 quant \u00e0 toute perte ou dommage quel qu'il soit, accidentel, indirect, punitif, exemplaire, cons\u00e9cutif ou sp\u00e9cial (y compris mais ne se limite pas aux dommages-int\u00e9r\u00eats pour douleur et souffrance, d\u00e9tresse \u00e9motionnelle ou dommages similaires, pr\u00e9judice \u00e0 l'entreprise ou \u00e0 la r\u00e9putation, perte d'informations, perte de profit, perte de revenus ou de recettes, perte de salaire ou autre r\u00e9mun\u00e9ration li\u00e9e \u00e0 l'emploi), r\u00e9sultant de ou en relation avec l'utilisation du Site ou de son Contenu m\u00eame si Radio IP ou tout Repr\u00e9sentant de Radio IP a \u00e9t\u00e9 inform\u00e9 de la possibilit\u00e9 de tels dommages ou pertes ou si de tels dommages ou pertes \u00e9taient pr\u00e9visibles.<\/p>\n<p>Radio IP et les repr\u00e9sentants de Radio IP d\u00e9clinent toute responsabilit\u00e9 pour les actes, omissions ou comportements de tout utilisateur tiers du Site ou de tout annonceur ou sponsor du Site (\u00abUtilisateurs Tiers\u00bb) et ne pourront en aucun cas \u00eatre tenus responsables pour toute perte ou dommage (y compris, sans s'y limiter, les dommages sp\u00e9ciaux, indirects, cons\u00e9cutifs ou accessoires) ou les co\u00fbts r\u00e9sultant de quelque mani\u00e8re que ce soit de:<\/p>\n<ul>\n<li><span style=\"color: #000000;\">Les actes, omissions ou conduite d&#39;un utilisateur tiers; et<\/span><\/li>\n<li><span style=\"color: #000000;\">L&#39;utilisation ou l&#39;impossibilit\u00e9 d&#39;utiliser tout logiciel, contenu ou service du Site ou offert via un autre site li\u00e9 au Site.<\/span><\/li>\n<\/ul>\n<h3>Indemnit\u00e9<\/h3>\n<p>Vous indemniserez et tiendrez Radio IP et les repr\u00e9sentants de Radio IP (les \u00abParties indemnis\u00e9es\u00bb) \u00e0 l'abri et contre toute r\u00e9clamation de tiers r\u00e9sultant de:<\/p>\n<ul>\n<li><span style=\"color: #000000;\">toute violation de votre part des conditions d&#39;utilisation;<\/span><\/li>\n<li><span style=\"color: #000000;\">votre navigation ou utilisation du Site ou de tout site auquel le Site est ou peut \u00eatre li\u00e9 de temps \u00e0 autre, ou votre incapacit\u00e9 \u00e0 le faire;<\/span><\/li>\n<li><span style=\"color: #000000;\">votre utilisation ou votre confiance dans les publications, communications, distributions ou t\u00e9l\u00e9chargements de toute nature sur le Site; et \/ ou<\/span><\/li>\n<li><span style=\"color: #000000;\">votre violation de toute l\u00e9gislation ou r\u00e9glementation applicable.<\/span><\/li>\n<\/ul>\n<p>Vous acceptez que les Parties indemnis\u00e9es n&#39;auront aucune responsabilit\u00e9 en relation avec une telle r\u00e9clamation et acceptez de les d\u00e9gager de toute responsabilit\u00e9 en cas de pertes, dommages, jugements, sentences, co\u00fbts, d\u00e9penses en r\u00e9sultant, ainsi que les honoraires et frais judiciaires et extrajudiciaires.<\/p>\n<p>Dans la limite maximale permise par la loi, vous acceptez par la pr\u00e9sente, lib\u00e9rez les Indemnit\u00e9s de toute perte, dommage ou blessure que ce soit, connue ou inconnue, r\u00e9sultant de ou li\u00e9e de quelque mani\u00e8re que ce soit \u00e0 l'utilisation du Site.<\/p>\n<h3>Provisions finales<\/h3>\n<h3>Affectation<\/h3>\n<p>Aucun droit ou privil\u00e8ge ne peut \u00eatre c\u00e9d\u00e9 \u00e0 qui que ce soit de quelque mani\u00e8re que ce soit, \u00e0 l\u2019exception du fait que Radio IP puisse transf\u00e9rer ses droits et obligations \u00e0 un tiers en cas de changement de contr\u00f4le, de fusion ou d'acquisition de ses activit\u00e9s commerciales relatives au Site.<\/p>\n<h3>Aucune renonciation<\/h3>\n<p>Vous acceptez que le d\u00e9faut de Radio IP d'exercer ou de faire valoir l'un de ses droits en vertu des pr\u00e9sentes Conditions d'utilisation (ou pr\u00e9vu par la loi) ne doit pas \u00eatre interpr\u00e9t\u00e9 comme une renonciation \u00e0 ce droit ou \u00e0 une disposition de Radio IP et que ces droits doivent pouvoir \u00eatre exerc\u00e9s.<\/p>\n<h3>Invalidit\u00e9<\/h3>\n<p>Si une disposition des pr\u00e9sentes conditions d&#39;utilisation est nulle ou sans effet ou r\u00e9put\u00e9e non \u00e9crite en vertu des lois de la province de Qu\u00e9bec, elle ne doit pas rendre les autres dispositions, termes et conditions des pr\u00e9sentes invalides car ces conditions d&#39;utilisation ne sont pas un tout indivisible. .<\/p>\n<h3>Lois applicables<\/h3>\n<p>Ces conditions d'utilisation sont r\u00e9gies et doivent \u00eatre interpr\u00e9t\u00e9es et appliqu\u00e9es conform\u00e9ment aux lois de la province du Qu\u00e9bec.<\/p>\n<h3>R\u00e9solution des litiges<\/h3>\n<p>Tout litige relatif \u00e0 l&#39;ex\u00e9cution des pr\u00e9sentes sera soumis aux tribunaux comp\u00e9tents du district judiciaire de Longueuil.<\/p>\n<h3>Langue<\/h3>\n<p>An english version of the Terms of Use is available on the Site. Une version fran\u00e7aise de ces conditions d'utilisation est disponible sur le Site.<\/p>\n\n\t\t<\/div>\n\t<\/div>\n<div class=\"vc_empty_space\"   style=\"height: 32px\"><span class=\"vc_empty_space_inner\"><\/span><\/div><div class=\"vc_empty_space\"   style=\"height: 32px\"><span class=\"vc_empty_space_inner\"><\/span><\/div><\/div><\/div><\/div><\/div><\/div><\/div><div class=\"vc_row wpb_row vc_row-fluid mkd-section cta-blue vc_custom_1582017570942 mkd-content-aligment-center mkd-grid-section\" style=\"\"><div class=\"clearfix mkd-section-inner\"><div class=\"mkd-section-inner-margin clearfix\"><div class=\"wpb_column vc_column_container vc_col-sm-8\"><div class=\"vc_column-inner\"><div class=\"wpb_wrapper\">\n\t<div class=\"wpb_text_column wpb_content_element\" >\n\t\t<div class=\"wpb_wrapper\">\n\t\t\t<h3 style=\"margin-bottom: 0px; font-weight: 500; text-align: left;\"><span style=\"color: #ffffff;\">Vous avez une question? Besoin d'une soumission?<\/span><\/h3>\n<h5 style=\"text-align: left; margin-top: 5px; color: #fff; font-weight: 400;\">N'h\u00e9sitez pas \u00e0 nous contacter si vous avez des questions. Nous serons ravis de discuter avec vous.<\/h5>\n\n\t\t<\/div>\n\t<\/div>\n<\/div><\/div><\/div><div class=\"wpb_column vc_column_container vc_col-sm-4\"><div class=\"vc_column-inner\"><div class=\"wpb_wrapper\">\t<div class=\"mkd-button-overlay-wrapper\" style=\"margin: 25px 0 0 0\">\n\n\t<a itemprop=\"url\" href=\"https:\/\/www.radio-ip.com\/fr\/contacts\/\" target=\"_self\" style=\"margin: 25px 0 0 0\" class=\"mkd-btn mkd-btn-small mkd-btn-outline mkd-light mkd-btn-animation-yes\"  >\n\t    <span class=\"mkd-btn-text\">Contactez-Nous<\/span>\n\t    \t<\/a>\n\n\t\t<span class=\"mkd-button-overlay\" ><\/span>\n\n\t<\/div>\n<\/div><\/div><\/div><\/div><\/div><\/div>","protected":false},"excerpt":{"rendered":"We welcome you and thank you for using our website, owned and operated by Radio IP Software, Inc. (Radio IP) having its head office at 1111, St-Charles Street West, East Tower, suite 555, Longueuil, Quebec, Canada, J4K 5G4. Acceptance of Terms of Use You will...","protected":false},"author":1,"featured_media":0,"parent":0,"menu_order":0,"comment_status":"closed","ping_status":"closed","template":"full-width.php","meta":[],"yoast_head":"<!-- This site is optimized with the Yoast SEO plugin v16.0.2 - https:\/\/yoast.com\/wordpress\/plugins\/seo\/ -->\n<title>Terms Of Use - Radio IP<\/title>\n<link rel=\"canonical\" href=\"https:\/\/www.radio-ip.com\/fr\/terms-of-use\/\" \/>\n<meta property=\"og:locale\" content=\"fr_CA\" \/>\n<meta property=\"og:type\" content=\"article\" \/>\n<meta property=\"og:title\" content=\"Terms Of Use - Radio IP\" \/>\n<meta property=\"og:url\" content=\"https:\/\/www.radio-ip.com\/fr\/terms-of-use\/\" \/>\n<meta property=\"og:site_name\" content=\"Radio IP\" \/>\n<meta property=\"article:modified_time\" content=\"2020-10-01T08:43:42+00:00\" \/>\n<meta name=\"twitter:card\" content=\"summary_large_image\" \/>\n<meta name=\"twitter:label1\" content=\"Est. reading time\">\n\t<meta name=\"twitter:data1\" content=\"9 minutes\">\n<script type=\"application\/ld+json\" class=\"yoast-schema-graph\">{\"@context\":\"https:\/\/schema.org\",\"@graph\":[{\"@type\":\"WebSite\",\"@id\":\"https:\/\/www.radio-ip.com\/fr\/#website\",\"url\":\"https:\/\/www.radio-ip.com\/fr\/\",\"name\":\"Radio IP\",\"description\":\"Mobile Virtual Private Network Solutions (MVPN)\",\"potentialAction\":[{\"@type\":\"SearchAction\",\"target\":\"https:\/\/www.radio-ip.com\/fr\/?s={search_term_string}\",\"query-input\":\"required name=search_term_string\"}],\"inLanguage\":\"fr-CA\"},{\"@type\":\"WebPage\",\"@id\":\"https:\/\/www.radio-ip.com\/fr\/terms-of-use\/#webpage\",\"url\":\"https:\/\/www.radio-ip.com\/fr\/terms-of-use\/\",\"name\":\"Terms Of Use - Radio IP\",\"isPartOf\":{\"@id\":\"https:\/\/www.radio-ip.com\/fr\/#website\"},\"datePublished\":\"2019-12-06T12:27:47+00:00\",\"dateModified\":\"2020-10-01T08:43:42+00:00\",\"breadcrumb\":{\"@id\":\"https:\/\/www.radio-ip.com\/fr\/terms-of-use\/#breadcrumb\"},\"inLanguage\":\"fr-CA\",\"potentialAction\":[{\"@type\":\"ReadAction\",\"target\":[\"https:\/\/www.radio-ip.com\/fr\/terms-of-use\/\"]}]},{\"@type\":\"BreadcrumbList\",\"@id\":\"https:\/\/www.radio-ip.com\/fr\/terms-of-use\/#breadcrumb\",\"itemListElement\":[{\"@type\":\"ListItem\",\"position\":1,\"item\":{\"@type\":\"WebPage\",\"@id\":\"https:\/\/www.radio-ip.com\/\",\"url\":\"https:\/\/www.radio-ip.com\/\",\"name\":\"Home\"}},{\"@type\":\"ListItem\",\"position\":2,\"item\":{\"@type\":\"WebPage\",\"@id\":\"https:\/\/www.radio-ip.com\/fr\/terms-of-use\/\",\"url\":\"https:\/\/www.radio-ip.com\/fr\/terms-of-use\/\",\"name\":\"Terms Of Use\"}}]}]}<\/script>\n<!-- \/ Yoast SEO plugin. -->","_links":{"self":[{"href":"https:\/\/www.radio-ip.com\/fr\/wp-json\/wp\/v2\/pages\/10665"}],"collection":[{"href":"https:\/\/www.radio-ip.com\/fr\/wp-json\/wp\/v2\/pages"}],"about":[{"href":"https:\/\/www.radio-ip.com\/fr\/wp-json\/wp\/v2\/types\/page"}],"author":[{"embeddable":true,"href":"https:\/\/www.radio-ip.com\/fr\/wp-json\/wp\/v2\/users\/1"}],"replies":[{"embeddable":true,"href":"https:\/\/www.radio-ip.com\/fr\/wp-json\/wp\/v2\/comments?post=10665"}],"version-history":[{"count":12,"href":"https:\/\/www.radio-ip.com\/fr\/wp-json\/wp\/v2\/pages\/10665\/revisions"}],"predecessor-version":[{"id":11771,"href":"https:\/\/www.radio-ip.com\/fr\/wp-json\/wp\/v2\/pages\/10665\/revisions\/11771"}],"wp:attachment":[{"href":"https:\/\/www.radio-ip.com\/fr\/wp-json\/wp\/v2\/media?parent=10665"}],"curies":[{"name":"wp","href":"https:\/\/api.w.org\/{rel}","templated":true}]}}