{"id":10619,"date":"2019-12-06T10:10:46","date_gmt":"2019-12-06T10:10:46","guid":{"rendered":"https:\/\/radioiptech.wpengine.com\/?page_id=10619"},"modified":"2021-04-17T19:22:55","modified_gmt":"2021-04-17T19:22:55","slug":"legal-notes","status":"publish","type":"page","link":"https:\/\/www.radio-ip.com\/fr\/legal-notes\/","title":{"rendered":"Informations l\u00e9gales"},"content":{"rendered":"<div class=\"vc_row wpb_row vc_row-fluid mkd-section mkd-content-aligment-left mkd-grid-section\" style=\"\"><div class=\"clearfix mkd-section-inner\"><div class=\"mkd-section-inner-margin clearfix\"><div class=\"wpb_column vc_column_container vc_col-sm-12\"><div class=\"vc_column-inner\"><div class=\"wpb_wrapper\">\n\t<div class=\"wpb_text_column wpb_content_element\" >\n\t\t<div class=\"wpb_wrapper\">\n\t\t\t<h2 style=\"text-align: center; font-weight: 600; margin-bottom: 10px;\" class=\" translation-block\">Politique de protection <span style=\"color: #0893ce;\">de la vie priv\u00e9e<\/span><\/h2>\n<p style=\"text-align: center;\">Nous reconnaissons que votre vie priv\u00e9e est importante. Ce document d\u00e9crit les types d'informations personnelles que nous recevons et collectons lorsque vous utilisez un produit Radio IP, ainsi que certaines des mesures que nous prenons pour prot\u00e9ger les informations. Nous esp\u00e9rons que cela vous aidera \u00e0 prendre une d\u00e9cision \u00e9clair\u00e9e concernant le partage d'informations personnelles avec nous. Radio IP s'efforce de maintenir les normes les plus \u00e9lev\u00e9es de d\u00e9cence, d'\u00e9quit\u00e9 et d'int\u00e9grit\u00e9 dans toutes ses op\u00e9rations. De m\u00eame, nous nous engageons \u00e0 prot\u00e9ger la vie priv\u00e9e de nos clients, consommateurs et visiteurs en ligne sur notre site Web.<\/p>\n\n\t\t<\/div>\n\t<\/div>\n<div class=\"vc_empty_space\"   style=\"height: 32px\"><span class=\"vc_empty_space_inner\"><\/span><\/div>\n\t<div class=\"wpb_text_column wpb_content_element\" >\n\t\t<div class=\"wpb_wrapper\">\n\t\t\t<h3>Renseignements personnels<\/h3>\n<p>Radio IP recueille des informations personnellement identifiables aupr\u00e8s des visiteurs de notre site Web, uniquement sur une base volontaire. Les informations personnelles collect\u00e9es sur une base volontaire peuvent inclure le nom, l'adresse postale, l'adresse e-mail, le nom de l'entreprise et le num\u00e9ro de t\u00e9l\u00e9phone. Ces informations sont collect\u00e9es si vous nous demandez des informations, participez \u00e0 un concours ou \u00e0 un tirage au sort et que vous vous inscrivez pour rejoindre notre liste de diffusion ou demander un autre service ou des informations de notre part. Les informations collect\u00e9es sont examin\u00e9es en interne, utilis\u00e9es pour am\u00e9liorer le contenu de notre site Web, informer nos visiteurs des mises \u00e0 jour et r\u00e9pondre aux demandes des visiteurs. Une fois les informations examin\u00e9es, elles sont supprim\u00e9es ou stock\u00e9es dans nos fichiers. Si nous apportons des modifications importantes \u00e0 la collecte d'informations personnellement identifiables, nous vous en informerons en pla\u00e7ant un avis sur notre site. Les informations personnelles re\u00e7ues de tout visiteur ne seront utilis\u00e9es qu'\u00e0 des fins internes et ne seront ni vendues ni fournies \u00e0 des tiers.<\/p>\n<h3>Utilisation de cookies<\/h3>\n<p>Nous pouvons utiliser des cookies pour vous aider \u00e0 personnaliser votre exp\u00e9rience en ligne. Les cookies sont des identifiants qui sont transf\u00e9r\u00e9s sur le disque dur de votre ordinateur via votre navigateur Web pour permettre \u00e0 nos syst\u00e8mes de reconna\u00eetre votre navigateur. Le but d'un cookie est d'indiquer au serveur Web que vous \u00eates revenu sur une page sp\u00e9cifique. Par exemple, si vous personnalisez les pages des sites ou vous inscrivez \u00e0 l'un des services de notre site, un cookie permet \u00e0 Radio IP de rappeler vos informations sp\u00e9cifiques lors de visites ult\u00e9rieures. Vous avez la possibilit\u00e9 d'accepter ou de refuser les cookies en modifiant votre navigateur Web; cependant, si vous choisissez de refuser les cookies, vous ne pourrez peut-\u00eatre pas profiter pleinement des fonctionnalit\u00e9s interactives du site. Nous pouvons diffuser des publicit\u00e9s de tiers qui utilisent des cookies au cours des publicit\u00e9s diffus\u00e9es sur notre site Web pour v\u00e9rifier combien de fois vous avez vu une publicit\u00e9. Aucune information personnellement identifiable que vous nous fournissez ne leur est fournie pour l'utilisation des cookies, ils ne peuvent donc pas vous identifier personnellement avec ces informations sur notre site Web. Les navigateurs peuvent \u00eatre configur\u00e9s pour accepter ou rejeter les cookies ou vous avertir lorsqu'un cookie est envoy\u00e9. Prendre ces mesures ne devrait pas poser de probl\u00e8me avec notre site, si tel est votre souhait.<\/p>\n<h3 id=\"synopsis-mobile\">Application Mobile<\/h3>\n<h4>Synopsis Mobile<\/h4>\n<p>L\u2019application r\u00e9cup\u00e8re la donn\u00e9e de localisation pour activer la localisation de l\u2019appareil par votre si\u00e8ge m\u00eame si l\u2019application est ferm\u00e9e ou non utilis\u00e9e.<\/p>\n<p>L\u2019acc\u00e8s \u00e0 \u00ab Activit\u00e9 Physique \u00bb permet \u00e0 Synopsis Mobile d\u2019avoir des informations telles que le type d\u2019activit\u00e9 (marche, course, en v\u00e9hicule,...) ou la vitesse. Cela permet \u00e0 la localisation d\u2019\u00eatre plus pr\u00e9cise.<\/p>\n<p><p class=\"blank-remove\"><\/p><\/p>\n<p><p class=\"blank-remove\"><\/p><\/p>\n<h3>Loi sur la protection de la vie priv\u00e9e des enfants en ligne<\/h3>\n<p>Ce site Web s&#39;adresse aux adultes; il n&#39;est pas destin\u00e9 aux enfants de moins de 13 ans. Nous exploitons notre site conform\u00e9ment \u00e0 la loi sur la protection de la vie priv\u00e9e des enfants en ligne, et nous ne collecterons ni n&#39;utiliserons sciemment les informations personnelles d&#39;une personne de moins de 13 ans.<\/p>\n<h3>Informations non personnelles<\/h3>\n<p>Dans certains cas, nous pouvons collecter des informations vous concernant qui ne sont pas personnellement identifiables. Nous utilisons ces informations, qui n&#39;identifient pas les utilisateurs individuels, pour analyser les tendances, administrer le site, suivre les mouvements des utilisateurs sur le site et recueillir des informations d\u00e9mographiques sur notre base d&#39;utilisateurs dans son ensemble. Les informations collect\u00e9es sont utilis\u00e9es uniquement pour un examen interne et ne sont pas partag\u00e9es avec d&#39;autres organisations \u00e0 des fins commerciales.<\/p>\n<h3>Publication d&#39;information<\/h3>\n<p class=\" translation-block\">Si Radio IP est vendu, les informations que nous avons obtenues de vous gr\u00e2ce \u00e0 votre participation volontaire \u00e0 notre site peuvent \u00eatre transf\u00e9r\u00e9es au nouveau propri\u00e9taire dans le cadre de la vente afin que le service qui vous est fourni puisse continuer. Dans ce cas, vous recevrez un avis sur notre site Web de ce changement de contr\u00f4le et de pratiques, et nous ferons des efforts raisonnables pour nous assurer que l'acheteur honore toutes les demandes de retrait que vous pourriez faire de nous. Comment vous pouvez corriger ou supprimer des informations : Nous fournissons cette politique de confidentialit\u00e9 comme une d\u00e9claration de notre engagement \u00e0 prot\u00e9ger vos informations personnelles. Si vous avez soumis des informations personnelles via notre site Web et souhaitez que ces informations soient supprim\u00e9es de nos dossiers ou souhaitez mettre \u00e0 jour ou corriger ces informations, veuillez utiliser notre formulaire Contactez-nous <a href=\"https:\/\/radioiptech.wpengine.com\/fr\/contacts\/\">cliquez ici<\/a><\/p>\n<h3>Accepter les conditions<\/h3>\n<p>Si vous n&#39;acceptez pas la politique de confidentialit\u00e9 de Radio IP telle que publi\u00e9e ici sur ce site Web, veuillez ne pas utiliser ce site ni aucun service offert par ce site. Votre utilisation de ce site indique l&#39;acceptation de cette politique de confidentialit\u00e9.<\/p>\n\n\t\t<\/div>\n\t<\/div>\n<div class=\"vc_empty_space\"   style=\"height: 32px\"><span class=\"vc_empty_space_inner\"><\/span><\/div><div class=\"vc_empty_space\"   style=\"height: 32px\"><span class=\"vc_empty_space_inner\"><\/span><\/div><\/div><\/div><\/div><\/div><\/div><\/div><div class=\"vc_row wpb_row vc_row-fluid mkd-section cta-blue vc_custom_1582017562470 mkd-content-aligment-center mkd-grid-section\" style=\"\"><div class=\"clearfix mkd-section-inner\"><div class=\"mkd-section-inner-margin clearfix\"><div class=\"wpb_column vc_column_container vc_col-sm-8\"><div class=\"vc_column-inner\"><div class=\"wpb_wrapper\">\n\t<div class=\"wpb_text_column wpb_content_element\" >\n\t\t<div class=\"wpb_wrapper\">\n\t\t\t<h3 style=\"margin-bottom: 0px; font-weight: 500; text-align: left;\"><span style=\"color: #ffffff;\">Vous avez une question? Besoin d'une soumission?<\/span><\/h3>\n<h5 style=\"text-align: left; margin-top: 5px; color: #fff; font-weight: 400;\">N'h\u00e9sitez pas \u00e0 nous contacter si vous avez des questions. Nous serons ravis de discuter avec vous.<\/h5>\n\n\t\t<\/div>\n\t<\/div>\n<\/div><\/div><\/div><div class=\"wpb_column vc_column_container vc_col-sm-4\"><div class=\"vc_column-inner\"><div class=\"wpb_wrapper\">\t<div class=\"mkd-button-overlay-wrapper\" style=\"margin: 25px 0 0 0\">\n\n\t<a itemprop=\"url\" href=\"https:\/\/www.radio-ip.com\/fr\/contacts\/\" target=\"_self\" style=\"margin: 25px 0 0 0\" class=\"mkd-btn mkd-btn-small mkd-btn-outline mkd-light mkd-btn-animation-yes\"  >\n\t    <span class=\"mkd-btn-text\">Contactez-Nous<\/span>\n\t    \t<\/a>\n\n\t\t<span class=\"mkd-button-overlay\" ><\/span>\n\n\t<\/div>\n<\/div><\/div><\/div><\/div><\/div><\/div>","protected":false},"excerpt":{"rendered":"Privacy Policy We recognize that your privacy is important. This document outlines the types of personal information we receive and collect when you use Radio IP, as well as some of the steps we take to safeguard information. We hope this will help you make...","protected":false},"author":1,"featured_media":0,"parent":0,"menu_order":0,"comment_status":"closed","ping_status":"closed","template":"full-width.php","meta":[],"yoast_head":"<!-- This site is optimized with the Yoast SEO plugin v16.0.2 - https:\/\/yoast.com\/wordpress\/plugins\/seo\/ -->\n<title>Legal Notes - Radio IP<\/title>\n<link rel=\"canonical\" href=\"https:\/\/www.radio-ip.com\/fr\/legal-notes\/\" \/>\n<meta property=\"og:locale\" content=\"fr_CA\" \/>\n<meta property=\"og:type\" content=\"article\" \/>\n<meta property=\"og:title\" content=\"Legal Notes - Radio IP\" \/>\n<meta property=\"og:url\" content=\"https:\/\/www.radio-ip.com\/fr\/legal-notes\/\" \/>\n<meta property=\"og:site_name\" content=\"Radio IP\" \/>\n<meta property=\"article:modified_time\" content=\"2021-04-17T19:22:55+00:00\" \/>\n<meta name=\"twitter:card\" content=\"summary_large_image\" \/>\n<meta name=\"twitter:label1\" content=\"Est. reading time\">\n\t<meta name=\"twitter:data1\" content=\"5 minutes\">\n<script type=\"application\/ld+json\" class=\"yoast-schema-graph\">{\"@context\":\"https:\/\/schema.org\",\"@graph\":[{\"@type\":\"WebSite\",\"@id\":\"https:\/\/www.radio-ip.com\/fr\/#website\",\"url\":\"https:\/\/www.radio-ip.com\/fr\/\",\"name\":\"Radio IP\",\"description\":\"Mobile Virtual Private Network Solutions (MVPN)\",\"potentialAction\":[{\"@type\":\"SearchAction\",\"target\":\"https:\/\/www.radio-ip.com\/fr\/?s={search_term_string}\",\"query-input\":\"required name=search_term_string\"}],\"inLanguage\":\"fr-CA\"},{\"@type\":\"WebPage\",\"@id\":\"https:\/\/www.radio-ip.com\/legal-notes\/#webpage\",\"url\":\"https:\/\/www.radio-ip.com\/legal-notes\/\",\"name\":\"Legal Notes - Radio IP\",\"isPartOf\":{\"@id\":\"https:\/\/www.radio-ip.com\/fr\/#website\"},\"datePublished\":\"2019-12-06T10:10:46+00:00\",\"dateModified\":\"2021-04-17T19:22:55+00:00\",\"breadcrumb\":{\"@id\":\"https:\/\/www.radio-ip.com\/legal-notes\/#breadcrumb\"},\"inLanguage\":\"fr-CA\",\"potentialAction\":[{\"@type\":\"ReadAction\",\"target\":[\"https:\/\/www.radio-ip.com\/legal-notes\/\"]}]},{\"@type\":\"BreadcrumbList\",\"@id\":\"https:\/\/www.radio-ip.com\/legal-notes\/#breadcrumb\",\"itemListElement\":[{\"@type\":\"ListItem\",\"position\":1,\"item\":{\"@type\":\"WebPage\",\"@id\":\"https:\/\/www.radio-ip.com\/\",\"url\":\"https:\/\/www.radio-ip.com\/\",\"name\":\"Home\"}},{\"@type\":\"ListItem\",\"position\":2,\"item\":{\"@type\":\"WebPage\",\"@id\":\"https:\/\/www.radio-ip.com\/legal-notes\/\",\"url\":\"https:\/\/www.radio-ip.com\/legal-notes\/\",\"name\":\"Legal Notes\"}}]}]}<\/script>\n<!-- \/ Yoast SEO plugin. -->","_links":{"self":[{"href":"https:\/\/www.radio-ip.com\/fr\/wp-json\/wp\/v2\/pages\/10619"}],"collection":[{"href":"https:\/\/www.radio-ip.com\/fr\/wp-json\/wp\/v2\/pages"}],"about":[{"href":"https:\/\/www.radio-ip.com\/fr\/wp-json\/wp\/v2\/types\/page"}],"author":[{"embeddable":true,"href":"https:\/\/www.radio-ip.com\/fr\/wp-json\/wp\/v2\/users\/1"}],"replies":[{"embeddable":true,"href":"https:\/\/www.radio-ip.com\/fr\/wp-json\/wp\/v2\/comments?post=10619"}],"version-history":[{"count":13,"href":"https:\/\/www.radio-ip.com\/fr\/wp-json\/wp\/v2\/pages\/10619\/revisions"}],"predecessor-version":[{"id":12068,"href":"https:\/\/www.radio-ip.com\/fr\/wp-json\/wp\/v2\/pages\/10619\/revisions\/12068"}],"wp:attachment":[{"href":"https:\/\/www.radio-ip.com\/fr\/wp-json\/wp\/v2\/media?parent=10619"}],"curies":[{"name":"wp","href":"https:\/\/api.w.org\/{rel}","templated":true}]}}