{"id":10276,"date":"2019-11-15T08:21:48","date_gmt":"2019-11-15T08:21:48","guid":{"rendered":"https:\/\/radioiptech.wpengine.com\/?page_id=10276"},"modified":"2021-04-27T11:44:17","modified_gmt":"2021-04-27T11:44:17","slug":"technical-support","status":"publish","type":"page","link":"https:\/\/www.radio-ip.com\/fr\/technical-support\/","title":{"rendered":"Support technique"},"content":{"rendered":"<div class=\"vc_row wpb_row vc_row-fluid mkd-section mkd-content-aligment-left mkd-grid-section\" style=\"\"><div class=\"clearfix mkd-section-inner\"><div class=\"mkd-section-inner-margin clearfix\"><div class=\"wpb_column vc_column_container vc_col-sm-12\"><div class=\"vc_column-inner\"><div class=\"wpb_wrapper\">\n\t<div class=\"wpb_text_column wpb_content_element\" >\n\t\t<div class=\"wpb_wrapper\">\n\t\t\t<p>Radio IP offre une assistance standard via t\u00e9l\u00e9phone et courriel, du lundi au vendredi de 9 h \u00e0 17 h, \u00e0 l'exception des jours f\u00e9ri\u00e9s. D'autres niveaux d'assistance technique sont disponibles sous contrat.<\/p>\n<p>T\u00e9l\u00e9phone: <a href=\"tel:514-890-1511\">+1 514-890-1511 #1<\/a><br \/>\nNum\u00e9ro sans frais:<a href=\"tel:877-890-1511\">+1 877-890-1511<\/a><br \/>\nCourriel: <a href=\"mailto:support@radio-ip.com\">support@radio-ip.com<\/a><br \/>\nEn ligne: prochainement<\/p>\n\n\t\t<\/div>\n\t<\/div>\n\n\t<div class=\"wpb_text_column wpb_content_element\" >\n\t\t<div class=\"wpb_wrapper\">\n\t\t\t<h3 style=\"font-weight: 600; margin-bottom: 20px; text-align: left;\" class=\" translation-block\">Support technique \u00e0 distance pour <span style=\"color: #0893ce;\">tous nos clients<\/span><\/h3>\n<p>Cette assistance est offerte \u00e0 tous les clients d\u00e9tenant un contrat de support actif pour une version actuellement prise en charge d\u2019un logiciel sous licence de Radio IP. Nous vous proposons deux types d'assistance pratiques :<\/p>\n\n\t\t<\/div>\n\t<\/div>\n\n\t<div class=\"wpb_text_column wpb_content_element  vc_custom_1619523854381 before-icon\" >\n\t\t<div class=\"wpb_wrapper\">\n\t\t\t<h4 style=\"font-weight: 600; margin-bottom: 20px; text-align: left;\" class=\" translation-block\">Support technique standard <span style=\"color: #0893ce;\">(situation non urgente)<\/span><\/h4>\n<p>Le support technique standard consiste en la possibilit\u00e9 d'obtenir une assistance par courriel ou par t\u00e9l\u00e9phone pendant les heures de bureau, de 9 h \u00e0 17 h (HNE).<br \/>\n*\u00c0 l'exception des jours f\u00e9ri\u00e9s.<\/p>\n\n\t\t<\/div>\n\t<\/div>\n\n\t<div class=\"wpb_text_column wpb_content_element  vc_custom_1573810897540 before-icon\" >\n\t\t<div class=\"wpb_wrapper\">\n\t\t\t<h4 style=\"font-weight: 600; margin-bottom: 20px; text-align: left;\" class=\" translation-block\">Support technique <span style=\"color: #0893ce;\">d\u2019urgence 24\/7<\/span><\/h4>\n<p>Nous comprenons que nos clients dont la mission est critique, tels que ceux de la s\u00e9curit\u00e9 publique, ne travaillent pas seulement entre 9 h et 17 h. Par cons\u00e9quent, leur acc\u00e8s \u00e0 une assistance ne doit pas \u00eatre limit\u00e9. Tirez profit de notre \u00e9quipe de sp\u00e9cialistes techniques 24 heures sur 24, 365 jours par an pour tout appel d'urgence.<\/p>\n<p>Le support d'urgence est disponible pour les clients subissant un probl\u00e8me d\u2019un niveau de s\u00e9v\u00e9rit\u00e9 1 et 2, comme d\u00e9fini ci-dessous. Les demandes d'urgence doivent \u00eatre effectu\u00e9es par t\u00e9l\u00e9phone uniquement. (Voir ci-dessous pour la description des diff\u00e9rents niveaux de gravit\u00e9)<\/p>\n\n\t\t<\/div>\n\t<\/div>\n<div class=\"vc_empty_space\"   style=\"height: 32px\"><span class=\"vc_empty_space_inner\"><\/span><\/div>\n\t<div class=\"wpb_text_column wpb_content_element\" >\n\t\t<div class=\"wpb_wrapper\">\n\t\t\t<table class=\"support tablecss\" border=\"0\" cellspacing=\"0\" cellpadding=\"0\">\n<tbody>\n<tr>\n<td valign=\"top\" width=\"73\"><strong>S\u00e9v\u00e9rit\u00e9<\/strong><\/td>\n<td valign=\"top\" width=\"518\"><strong>Description<\/strong><\/td>\n<\/tr>\n<tr>\n<td valign=\"top\" width=\"73\">S1<\/td>\n<td valign=\"top\" width=\"518\">Le probl\u00e8me entra\u00eene une perte totale de service. Les op\u00e9rations ne peuvent pas continuer.<\/td>\n<\/tr>\n<tr>\n<td valign=\"top\" width=\"73\">S2<\/td>\n<td valign=\"top\" width=\"518\">Le probl\u00e8me entra\u00eene une perte de service, mais les op\u00e9rations peuvent se poursuivre. Une solution de remplacement est disponible.<\/td>\n<\/tr>\n<tr>\n<td valign=\"top\" width=\"73\">S3<\/td>\n<td valign=\"top\" width=\"518\">Le probl\u00e8me entra\u00eene une perte de service mineure. L'impact est un d\u00e9sagr\u00e9ment, mais les op\u00e9rations peuvent se poursuivre. N'a une incidence que sur un ou deux appareils mobiles.<\/td>\n<\/tr>\n<tr>\n<td valign=\"top\" width=\"73\">S4<\/td>\n<td valign=\"top\" width=\"518\">Le probl\u00e8me est un comportement mineur ou incorrect qui n'entra\u00eene pas de perte de service. N'a une incidence que sur un seul appareil mobile.<\/td>\n<\/tr>\n<tr>\n<td valign=\"top\" width=\"73\">S5<\/td>\n<td valign=\"top\" width=\"518\">Demandes d'am\u00e9lioration de produits ou de fonctionnalit\u00e9s<\/td>\n<\/tr>\n<\/tbody>\n<\/table>\n\n\t\t<\/div>\n\t<\/div>\n\n\t<div class=\"wpb_text_column wpb_content_element\" >\n\t\t<div class=\"wpb_wrapper\">\n\t\t\t<h3 style=\"font-weight: 600; margin-bottom: 20px; text-align: left;\">Installation<\/h3>\n\n\t\t<\/div>\n\t<\/div>\n\n\t<div class=\"wpb_text_column wpb_content_element  vc_custom_1580982962623 before-icon\" >\n\t\t<div class=\"wpb_wrapper\">\n\t\t\t<h4 style=\"font-weight: 600; margin-bottom: 20px; text-align: left;\" class=\" translation-block\">Installation <span style=\"color: #0893ce;\">sur site<\/span><\/h4>\n<p>Lorsqu\u2019une installation sur site est demand\u00e9e, notre \u00e9quipe technique fournira une formation pratique sur la m\u00e9thode d\u2019installation du logiciel client ainsi que sur la gestion et l\u2019optimisation du serveur. Les techniciens de Logiciels Radio IP installeront notre logiciel VPN mobile sur le serveur et sur cinq unit\u00e9s mobiles. Pendant toute la dur\u00e9e de l'installation, nos techniciens seront enti\u00e8rement disponibles pour assister vos \u00e9quipes informatiques, r\u00e9seau et radio.<\/p>\n<p><strong>Bien que l'installation sur site soit fortement recommand\u00e9e, il est parfois possible de proc\u00e9der \u00e0 une installation \u00e0 distance.<\/strong><\/p>\n\n\t\t<\/div>\n\t<\/div>\n\n\t<div class=\"wpb_text_column wpb_content_element  vc_custom_1573810906780 before-icon\" >\n\t\t<div class=\"wpb_wrapper\">\n\t\t\t<h4 style=\"font-weight: 600; margin-bottom: 20px; text-align: left;\" class=\" translation-block\">Installation <span style=\"color: #0893ce;\">\u00e0 distance<\/span><\/h4>\n<p>Nos techniciens exp\u00e9riment\u00e9s installent le logiciel VPN mobile sur le serveur de production via une connexion de bureau virtuel. Nous effectuerons une d\u00e9monstration et guiderons vos \u00e9quipes informatiques, r\u00e9seau et radio sur la fa\u00e7on d'installer le logiciel client. Les services d\u2019installation \u00e0 distance permettent \u00e0 votre organisation de r\u00e9aliser d'importantes \u00e9conomies.<\/p>\n\n\t\t<\/div>\n\t<\/div>\n\n\t<div class=\"wpb_text_column wpb_content_element\" >\n\t\t<div class=\"wpb_wrapper\">\n\t\t\t<p>Les clients re\u00e7oivent un environnement enti\u00e8rement fonctionnel et test\u00e9, qu'ils choisissent les services d'installation \u00e0 distance ou sur site, qui incluent:<\/p>\n\n\t\t<\/div>\n\t<\/div>\n<div class=\"vc_empty_space\"   style=\"height: 20px\"><span class=\"vc_empty_space_inner\"><\/span><\/div><div class=\"mkd-unordered-list\" >\n\n            <ul>\n                            <li class=\"mkd-list-item\" >\n\n                    \n                    <span class=\"icon\"><i class=\"mkd-icon-font-awesome fa fa-hand-o-right\" style=\"color:#0893ce;font-size:24px\" ><\/i><\/span>\n                    <span class=\"text\" style=\"color:#111111;font-size:16px\">\u00c9valuation technique pr\u00e9alable \u00e0 l'installation<\/span>\n                <\/li>\n                            <li class=\"mkd-list-item\" >\n\n                    \n                    <span class=\"icon\"><i class=\"mkd-icon-font-awesome fa fa-hand-o-right\" style=\"color:#0893ce;font-size:24px\" ><\/i><\/span>\n                    <span class=\"text\" style=\"color:#111111;font-size:16px\">Essais des produits et tests d\u2019approbation (ATP)<\/span>\n                <\/li>\n                            <li class=\"mkd-list-item\" >\n\n                    \n                    <span class=\"icon\"><i class=\"mkd-icon-font-awesome fa fa-hand-o-right\" style=\"color:#0893ce;font-size:24px\" ><\/i><\/span>\n                    <span class=\"text\" style=\"color:#111111;font-size:16px\">Rapport d'installation documentant toutes les activit\u00e9s et l'environnement<\/span>\n                <\/li>\n                    <\/ul>\n    \n<\/div>\n\t<div class=\"wpb_text_column wpb_content_element\" >\n\t\t<div class=\"wpb_wrapper\">\n\t\t\t<h3 style=\"font-weight: 600; margin-bottom: 20px; text-align: left;\">Maintenance<\/h3>\n<p><strong>Radio IP offre le seul programme de maintenance tout compris avec chaque nouvel achat de logiciel, comprenant les  services de maintenance et les mises \u00e0 jour logicielles.<\/strong><\/p>\n<p>Apr\u00e8s 12 mois, un contrat de maintenance actif est n\u00e9cessaire pour continuer \u00e0 recevoir ces services.<\/p>\n\n\t\t<\/div>\n\t<\/div>\n<div class=\"vc_empty_space\"   style=\"height: 20px\"><span class=\"vc_empty_space_inner\"><\/span><\/div><div class=\"vc_empty_space\"   style=\"height: 20px\"><span class=\"vc_empty_space_inner\"><\/span><\/div><div class=\"vc_empty_space\"   style=\"height: 20px\"><span class=\"vc_empty_space_inner\"><\/span><\/div><\/div><\/div><\/div><\/div><\/div><\/div><div class=\"vc_row wpb_row vc_row-fluid mkd-section cta-blue vc_custom_1582017220605 mkd-content-aligment-center mkd-grid-section\" style=\"\"><div class=\"clearfix mkd-section-inner\"><div class=\"mkd-section-inner-margin clearfix\"><div class=\"wpb_column vc_column_container vc_col-sm-8\"><div class=\"vc_column-inner\"><div class=\"wpb_wrapper\">\n\t<div class=\"wpb_text_column wpb_content_element\" >\n\t\t<div class=\"wpb_wrapper\">\n\t\t\t<h3 style=\"margin-bottom: 0px; font-weight: 500; text-align: left;\"><span style=\"color: #ffffff;\">Vous avez une question? Besoin d'une soumission?<\/span><\/h3>\n<h5 style=\"text-align: left; margin-top: 5px; color: #fff; font-weight: 400;\">N'h\u00e9sitez pas \u00e0 nous contacter si vous avez des questions. Nous serons ravis de discuter avec vous.<\/h5>\n\n\t\t<\/div>\n\t<\/div>\n<\/div><\/div><\/div><div class=\"wpb_column vc_column_container vc_col-sm-4\"><div class=\"vc_column-inner\"><div class=\"wpb_wrapper\">\t<div class=\"mkd-button-overlay-wrapper\" style=\"margin: 25px 0 0 0\">\n\n\t<a itemprop=\"url\" href=\"https:\/\/www.radio-ip.com\/fr\/contacts\/\" target=\"_self\" style=\"margin: 25px 0 0 0\" class=\"mkd-btn mkd-btn-small mkd-btn-outline mkd-light mkd-btn-animation-yes\"  >\n\t    <span class=\"mkd-btn-text\">Contactez-Nous<\/span>\n\t    \t<\/a>\n\n\t\t<span class=\"mkd-button-overlay\" ><\/span>\n\n\t<\/div>\n<\/div><\/div><\/div><\/div><\/div><\/div>","protected":false},"excerpt":{"rendered":"Radio IP offers standard phone and email support Monday through Friday between 9:00 am and 5:00 pm, excluding statutory holidays. Other levels of support are available with the contract. Telephone: +1 514-890-1511 #1 Toll-free:+1 877-890-1511 Email: support@radio-ip.com Online: Coming soon 24\/7 Remote Technical Support to...","protected":false},"author":1,"featured_media":0,"parent":0,"menu_order":0,"comment_status":"closed","ping_status":"closed","template":"full-width.php","meta":[],"yoast_head":"<!-- This site is optimized with the Yoast SEO plugin v16.0.2 - https:\/\/yoast.com\/wordpress\/plugins\/seo\/ -->\n<title>Technical Support : Mobile VPN Solutions | Radio IP<\/title>\n<link rel=\"canonical\" href=\"https:\/\/www.radio-ip.com\/fr\/technical-support\/\" \/>\n<meta property=\"og:locale\" content=\"fr_CA\" \/>\n<meta property=\"og:type\" content=\"article\" \/>\n<meta property=\"og:title\" content=\"Technical Support : Mobile VPN Solutions | Radio IP\" \/>\n<meta property=\"og:url\" content=\"https:\/\/www.radio-ip.com\/fr\/technical-support\/\" \/>\n<meta property=\"og:site_name\" content=\"Radio IP\" \/>\n<meta property=\"article:modified_time\" content=\"2021-04-27T11:44:17+00:00\" \/>\n<meta name=\"twitter:card\" content=\"summary_large_image\" \/>\n<meta name=\"twitter:label1\" content=\"Est. reading time\">\n\t<meta name=\"twitter:data1\" content=\"4 minutes\">\n<script type=\"application\/ld+json\" class=\"yoast-schema-graph\">{\"@context\":\"https:\/\/schema.org\",\"@graph\":[{\"@type\":\"WebSite\",\"@id\":\"https:\/\/www.radio-ip.com\/fr\/#website\",\"url\":\"https:\/\/www.radio-ip.com\/fr\/\",\"name\":\"Radio IP\",\"description\":\"Mobile Virtual Private Network Solutions (MVPN)\",\"potentialAction\":[{\"@type\":\"SearchAction\",\"target\":\"https:\/\/www.radio-ip.com\/fr\/?s={search_term_string}\",\"query-input\":\"required name=search_term_string\"}],\"inLanguage\":\"fr-CA\"},{\"@type\":\"WebPage\",\"@id\":\"https:\/\/www.radio-ip.com\/technical-support\/#webpage\",\"url\":\"https:\/\/www.radio-ip.com\/technical-support\/\",\"name\":\"Technical Support : Mobile VPN Solutions | Radio IP\",\"isPartOf\":{\"@id\":\"https:\/\/www.radio-ip.com\/fr\/#website\"},\"datePublished\":\"2019-11-15T08:21:48+00:00\",\"dateModified\":\"2021-04-27T11:44:17+00:00\",\"breadcrumb\":{\"@id\":\"https:\/\/www.radio-ip.com\/technical-support\/#breadcrumb\"},\"inLanguage\":\"fr-CA\",\"potentialAction\":[{\"@type\":\"ReadAction\",\"target\":[\"https:\/\/www.radio-ip.com\/technical-support\/\"]}]},{\"@type\":\"BreadcrumbList\",\"@id\":\"https:\/\/www.radio-ip.com\/technical-support\/#breadcrumb\",\"itemListElement\":[{\"@type\":\"ListItem\",\"position\":1,\"item\":{\"@type\":\"WebPage\",\"@id\":\"https:\/\/www.radio-ip.com\/\",\"url\":\"https:\/\/www.radio-ip.com\/\",\"name\":\"Home\"}},{\"@type\":\"ListItem\",\"position\":2,\"item\":{\"@type\":\"WebPage\",\"@id\":\"https:\/\/www.radio-ip.com\/technical-support\/\",\"url\":\"https:\/\/www.radio-ip.com\/technical-support\/\",\"name\":\"Technical Support\"}}]}]}<\/script>\n<!-- \/ Yoast SEO plugin. -->","_links":{"self":[{"href":"https:\/\/www.radio-ip.com\/fr\/wp-json\/wp\/v2\/pages\/10276"}],"collection":[{"href":"https:\/\/www.radio-ip.com\/fr\/wp-json\/wp\/v2\/pages"}],"about":[{"href":"https:\/\/www.radio-ip.com\/fr\/wp-json\/wp\/v2\/types\/page"}],"author":[{"embeddable":true,"href":"https:\/\/www.radio-ip.com\/fr\/wp-json\/wp\/v2\/users\/1"}],"replies":[{"embeddable":true,"href":"https:\/\/www.radio-ip.com\/fr\/wp-json\/wp\/v2\/comments?post=10276"}],"version-history":[{"count":25,"href":"https:\/\/www.radio-ip.com\/fr\/wp-json\/wp\/v2\/pages\/10276\/revisions"}],"predecessor-version":[{"id":12133,"href":"https:\/\/www.radio-ip.com\/fr\/wp-json\/wp\/v2\/pages\/10276\/revisions\/12133"}],"wp:attachment":[{"href":"https:\/\/www.radio-ip.com\/fr\/wp-json\/wp\/v2\/media?parent=10276"}],"curies":[{"name":"wp","href":"https:\/\/api.w.org\/{rel}","templated":true}]}}