{"id":10260,"date":"2019-11-14T13:09:15","date_gmt":"2019-11-14T13:09:15","guid":{"rendered":"https:\/\/radioiptech.wpengine.com\/?page_id=10260"},"modified":"2021-04-23T09:03:31","modified_gmt":"2021-04-23T09:03:31","slug":"careers","status":"publish","type":"page","link":"https:\/\/www.radio-ip.com\/fr\/company\/careers\/","title":{"rendered":"Carri\u00e8res"},"content":{"rendered":"<div class=\"vc_row wpb_row vc_row-fluid mkd-section mkd-content-aligment-left mkd-grid-section\" style=\"\"><div class=\"clearfix mkd-section-inner\"><div class=\"mkd-section-inner-margin clearfix\"><div class=\"wpb_column vc_column_container vc_col-sm-12\"><div class=\"vc_column-inner\"><div class=\"wpb_wrapper\">\n\t<div class=\"wpb_text_column wpb_content_element\" >\n\t\t<div class=\"wpb_wrapper\">\n\t\t\t<p>Logiciels Radio IP est toujours \u00e0 la recherche d'individus dynamiques qui sont autant passionn\u00e9s par l'innovation que nous. En tant que chef de file de l'industrie dans le domaine des VPN mobiles et des solutions de s\u00e9curit\u00e9, et en croissance constante, nous ne recrutons que les meilleurs et les plus brillants pour rejoindre notre \u00e9quipe au sein de notre si\u00e8ge social dans la r\u00e9gion de Montr\u00e9al.<\/p>\n\n\t\t<\/div>\n\t<\/div>\n<\/div><\/div><\/div><\/div><\/div><\/div><div class=\"vc_row wpb_row vc_row-fluid mkd-section mkd-content-aligment-left mkd-grid-section\" style=\"\"><div class=\"clearfix mkd-section-inner\"><div class=\"mkd-section-inner-margin clearfix\"><div class=\"wpb_column vc_column_container vc_col-sm-12\"><div class=\"vc_column-inner\"><div class=\"wpb_wrapper\">\n\t<div class=\"wpb_text_column wpb_content_element\" >\n\t\t<div class=\"wpb_wrapper\">\n\t\t\t<h3 style=\"font-weight: 600; margin-bottom: 20px; text-align: left;\" class=\" translation-block\">Un environnement <span style=\"color: #0893ce;\">exigeant et dynamique<\/span><\/h3>\n<p>L'interaction avec les clients est au c\u0153ur de l'innovation constante de Radio IP. Nous recherchons des individus talentueux \u00e0 l'esprit ind\u00e9pendant, au profil proactif, qui s'\u00e9panouissent dans un environnement au rythme rapide, stimulant et collaboratif, et qui prennent leur travail \u00e0 c\u0153ur ; des individus qui veulent d\u00e9velopper leur carri\u00e8re et souhaitent relever des d\u00e9fis. Nos collaborateurs sont notre atout le plus pr\u00e9cieux et sont essentiels \u00e0 notre r\u00e9ussite dans le d\u00e9veloppement des solutions VPN mobiles les plus innovantes et les plus performantes pour nos clients.<\/p>\n<h3 style=\"font-weight: 600; margin-bottom: 20px; text-align: left;\">Avantages<\/h3>\n\n\t\t<\/div>\n\t<\/div>\n<div class=\"mkd-unordered-list\" >\n\n            <ul>\n                            <li class=\"mkd-list-item\" >\n\n                    \n                    <span class=\"icon\"><i class=\"mkd-icon-font-awesome fa fa-check\" style=\"color:#0893ce;font-size:24px\" ><\/i><\/span>\n                    <span class=\"text\" style=\"color:#111111;font-size:16px\">R\u00e9gime d'assurance collective<\/span>\n                <\/li>\n                            <li class=\"mkd-list-item\" >\n\n                    \n                    <span class=\"icon\"><i class=\"mkd-icon-font-awesome fa fa-check\" style=\"color:#0893ce;font-size:24px\" ><\/i><\/span>\n                    <span class=\"text\" style=\"color:#111111;font-size:16px\">Horaires flexibles<\/span>\n                <\/li>\n                            <li class=\"mkd-list-item\" >\n\n                    \n                    <span class=\"icon\"><i class=\"mkd-icon-font-awesome fa fa-check\" style=\"color:#0893ce;font-size:24px\" ><\/i><\/span>\n                    <span class=\"text\" style=\"color:#111111;font-size:16px\">Acc\u00e8s facile en m\u00e9tro (Station Longueuil Universit\u00e9 de Sherbrooke - Terminus de la ligne jaune)<\/span>\n                <\/li>\n                            <li class=\"mkd-list-item\" >\n\n                    \n                    <span class=\"icon\"><i class=\"mkd-icon-font-awesome fa fa-check\" style=\"color:#0893ce;font-size:24px\" ><\/i><\/span>\n                    <span class=\"text\" style=\"color:#111111;font-size:16px\">Nombreux stationnements \u00e0 proximit\u00e9<\/span>\n                <\/li>\n                            <li class=\"mkd-list-item\" >\n\n                    \n                    <span class=\"icon\"><i class=\"mkd-icon-font-awesome fa fa-check\" style=\"color:#0893ce;font-size:24px\" ><\/i><\/span>\n                    <span class=\"text\" style=\"color:#111111;font-size:16px\">Restaurants et Commerces \u00e0 proximit\u00e9<\/span>\n                <\/li>\n                            <li class=\"mkd-list-item\" >\n\n                    \n                    <span class=\"icon\"><i class=\"mkd-icon-font-awesome fa fa-check\" style=\"color:#0893ce;font-size:24px\" ><\/i><\/span>\n                    <span class=\"text\" style=\"color:#111111;font-size:16px\">Ev\u00e8nements sociaux<\/span>\n                <\/li>\n                            <li class=\"mkd-list-item\" >\n\n                    \n                    <span class=\"icon\"><i class=\"mkd-icon-font-awesome fa fa-check\" style=\"color:#0893ce;font-size:24px\" ><\/i><\/span>\n                    <span class=\"text\" style=\"color:#111111;font-size:16px\">Caf\u00e9 et eau p\u00e9tillante \u00e0 volont\u00e9<\/span>\n                <\/li>\n                    <\/ul>\n    \n<\/div>\n\t<div class=\"wpb_text_column wpb_content_element\" >\n\t\t<div class=\"wpb_wrapper\">\n\t\t\t<h3 style=\"font-weight: 600; margin-bottom: 20px; text-align: left;\" class=\" translation-block\">Perspectives <span style=\"color: #0893ce;\">de carri\u00e8re<\/span><\/h3>\n<p>Si vous \u00eates un professionnel de l'industrie, ou un \u00e9tudiant \u00e0 la recherche d'un stage, veuillez consulter r\u00e9guli\u00e8rement notre site afin de vous tenir au courant des offres d'emploi. Nous vous encourageons \u00e9galement \u00e0 nous faire parvenir votre curriculum vitae pour examen futur.<\/p>\n<p class=\" translation-block\">D\u00e9poser votre candidature spontan\u00e9e \u00e0 : <a href=\"mailto:careers@radio-ip.com\">careers@radio-ip.com<\/a><\/p>\n<h3 style=\"font-weight: 600; margin-bottom: 20px; text-align: left;\" class=\" translation-block\">Offres <span style=\"color: #0893ce;\">d'emploi <\/span><\/h3>\n<p>Il n'y a actuellement aucun poste \u00e0 pourvoir, veuillez revenir plus tard!<\/p>\n\n\t\t<\/div>\n\t<\/div>\n<div class=\"vc_empty_space\"   style=\"height: 60px\"><span class=\"vc_empty_space_inner\"><\/span><\/div><\/div><\/div><\/div><\/div><\/div><\/div><div class=\"vc_row wpb_row vc_row-fluid mkd-section cta-blue vc_custom_1582017092855 mkd-content-aligment-center mkd-grid-section\" style=\"\"><div class=\"clearfix mkd-section-inner\"><div class=\"mkd-section-inner-margin clearfix\"><div class=\"wpb_column vc_column_container vc_col-sm-8\"><div class=\"vc_column-inner\"><div class=\"wpb_wrapper\">\n\t<div class=\"wpb_text_column wpb_content_element\" >\n\t\t<div class=\"wpb_wrapper\">\n\t\t\t<h3 style=\"margin-bottom: 0px; font-weight: 500; text-align: left;\"><span style=\"color: #ffffff;\">Vous avez une question? Besoin d'une soumission?<\/span><\/h3>\n<h5 style=\"text-align: left; margin-top: 5px; color: #fff; font-weight: 400;\">N'h\u00e9sitez pas \u00e0 nous contacter si vous avez des questions. Nous serons ravis de discuter avec vous.<\/h5>\n\n\t\t<\/div>\n\t<\/div>\n<\/div><\/div><\/div><div class=\"wpb_column vc_column_container vc_col-sm-4\"><div class=\"vc_column-inner\"><div class=\"wpb_wrapper\">\t<div class=\"mkd-button-overlay-wrapper\" style=\"margin: 25px 0 0 0\">\n\n\t<a itemprop=\"url\" href=\"https:\/\/www.radio-ip.com\/fr\/contacts\/\" target=\"_self\" style=\"margin: 25px 0 0 0\" class=\"mkd-btn mkd-btn-small mkd-btn-outline mkd-light mkd-btn-animation-yes\"  >\n\t    <span class=\"mkd-btn-text\">Contactez-Nous<\/span>\n\t    \t<\/a>\n\n\t\t<span class=\"mkd-button-overlay\" ><\/span>\n\n\t<\/div>\n<\/div><\/div><\/div><\/div><\/div><\/div>","protected":false},"excerpt":{"rendered":"Radio IP Software is always on the lookout for dynamic people who are as captivated by innovation as we are. As a constantly growing industry leader in Mobile VPN and security solutions, we hire only the best and brightest for positions at our head office...","protected":false},"author":1,"featured_media":0,"parent":10207,"menu_order":0,"comment_status":"closed","ping_status":"closed","template":"full-width.php","meta":[],"yoast_head":"<!-- This site is optimized with the Yoast SEO plugin v16.0.2 - https:\/\/yoast.com\/wordpress\/plugins\/seo\/ -->\n<title>Careers and Job Offers | Radio IP<\/title>\n<link rel=\"canonical\" href=\"https:\/\/www.radio-ip.com\/fr\/company\/careers\/\" \/>\n<meta property=\"og:locale\" content=\"fr_CA\" \/>\n<meta property=\"og:type\" content=\"article\" \/>\n<meta property=\"og:title\" content=\"Careers and Job Offers | Radio IP\" \/>\n<meta property=\"og:url\" content=\"https:\/\/www.radio-ip.com\/fr\/company\/careers\/\" \/>\n<meta property=\"og:site_name\" content=\"Radio IP\" \/>\n<meta property=\"article:modified_time\" content=\"2021-04-23T09:03:31+00:00\" \/>\n<meta name=\"twitter:card\" content=\"summary_large_image\" \/>\n<meta name=\"twitter:label1\" content=\"Est. reading time\">\n\t<meta name=\"twitter:data1\" content=\"2 minutes\">\n<script type=\"application\/ld+json\" class=\"yoast-schema-graph\">{\"@context\":\"https:\/\/schema.org\",\"@graph\":[{\"@type\":\"WebSite\",\"@id\":\"https:\/\/www.radio-ip.com\/fr\/#website\",\"url\":\"https:\/\/www.radio-ip.com\/fr\/\",\"name\":\"Radio IP\",\"description\":\"Mobile Virtual Private Network Solutions (MVPN)\",\"potentialAction\":[{\"@type\":\"SearchAction\",\"target\":\"https:\/\/www.radio-ip.com\/fr\/?s={search_term_string}\",\"query-input\":\"required name=search_term_string\"}],\"inLanguage\":\"fr-CA\"},{\"@type\":\"WebPage\",\"@id\":\"https:\/\/www.radio-ip.com\/company\/careers\/#webpage\",\"url\":\"https:\/\/www.radio-ip.com\/company\/careers\/\",\"name\":\"Careers and Job Offers | Radio IP\",\"isPartOf\":{\"@id\":\"https:\/\/www.radio-ip.com\/fr\/#website\"},\"datePublished\":\"2019-11-14T13:09:15+00:00\",\"dateModified\":\"2021-04-23T09:03:31+00:00\",\"breadcrumb\":{\"@id\":\"https:\/\/www.radio-ip.com\/company\/careers\/#breadcrumb\"},\"inLanguage\":\"fr-CA\",\"potentialAction\":[{\"@type\":\"ReadAction\",\"target\":[\"https:\/\/www.radio-ip.com\/company\/careers\/\"]}]},{\"@type\":\"BreadcrumbList\",\"@id\":\"https:\/\/www.radio-ip.com\/company\/careers\/#breadcrumb\",\"itemListElement\":[{\"@type\":\"ListItem\",\"position\":1,\"item\":{\"@type\":\"WebPage\",\"@id\":\"https:\/\/www.radio-ip.com\/\",\"url\":\"https:\/\/www.radio-ip.com\/\",\"name\":\"Home\"}},{\"@type\":\"ListItem\",\"position\":2,\"item\":{\"@type\":\"WebPage\",\"@id\":\"https:\/\/www.radio-ip.com\/company\/\",\"url\":\"https:\/\/www.radio-ip.com\/company\/\",\"name\":\"Company\"}},{\"@type\":\"ListItem\",\"position\":3,\"item\":{\"@type\":\"WebPage\",\"@id\":\"https:\/\/www.radio-ip.com\/company\/careers\/\",\"url\":\"https:\/\/www.radio-ip.com\/company\/careers\/\",\"name\":\"Careers\"}}]}]}<\/script>\n<!-- \/ Yoast SEO plugin. -->","_links":{"self":[{"href":"https:\/\/www.radio-ip.com\/fr\/wp-json\/wp\/v2\/pages\/10260"}],"collection":[{"href":"https:\/\/www.radio-ip.com\/fr\/wp-json\/wp\/v2\/pages"}],"about":[{"href":"https:\/\/www.radio-ip.com\/fr\/wp-json\/wp\/v2\/types\/page"}],"author":[{"embeddable":true,"href":"https:\/\/www.radio-ip.com\/fr\/wp-json\/wp\/v2\/users\/1"}],"replies":[{"embeddable":true,"href":"https:\/\/www.radio-ip.com\/fr\/wp-json\/wp\/v2\/comments?post=10260"}],"version-history":[{"count":13,"href":"https:\/\/www.radio-ip.com\/fr\/wp-json\/wp\/v2\/pages\/10260\/revisions"}],"predecessor-version":[{"id":12107,"href":"https:\/\/www.radio-ip.com\/fr\/wp-json\/wp\/v2\/pages\/10260\/revisions\/12107"}],"up":[{"embeddable":true,"href":"https:\/\/www.radio-ip.com\/fr\/wp-json\/wp\/v2\/pages\/10207"}],"wp:attachment":[{"href":"https:\/\/www.radio-ip.com\/fr\/wp-json\/wp\/v2\/media?parent=10260"}],"curies":[{"name":"wp","href":"https:\/\/api.w.org\/{rel}","templated":true}]}}