{"id":10214,"date":"2019-11-14T09:43:32","date_gmt":"2019-11-14T09:43:32","guid":{"rendered":"https:\/\/radioiptech.wpengine.com\/?page_id=10214"},"modified":"2023-12-19T20:56:47","modified_gmt":"2023-12-19T20:56:47","slug":"leadership","status":"publish","type":"page","link":"https:\/\/www.radio-ip.com\/fr\/company\/leadership\/","title":{"rendered":"Leadership"},"content":{"rendered":"<div class=\"vc_row wpb_row vc_row-fluid mkd-section vc_custom_1623438279342 mkd-content-aligment-left mkd-grid-section\" style=\"\"><div class=\"clearfix mkd-section-inner\"><div class=\"mkd-section-inner-margin clearfix\"><div class=\"wpb_column vc_column_container vc_col-sm-12\"><div class=\"vc_column-inner\"><div class=\"wpb_wrapper\">\n\t<div class=\"wpb_text_column wpb_content_element\" >\n\t\t<div class=\"wpb_wrapper\">\n\t\t\t<h2 style=\"text-align: center; font-weight: 600; margin-bottom: 10px;\" class=\" translation-block\">\u00c9quipe de <span style=\"color: #0893ce;\">direction<\/span><\/h2>\n<p style=\"text-align: center;\">Depuis sa cr\u00e9ation, Logiciels Radio IP a constitu\u00e9 une \u00e9quipe de direction cl\u00e9 poss\u00e9dant une vaste exp\u00e9rience et une grande richesse de connaissances dans le d\u00e9veloppement, le marketing et la vente de solutions sans fil innovantes. La raison du succ\u00e8s continu de Logiciels Radio IP repose sur ses dirigeants et leurs comp\u00e9tences solides dans leurs domaines respectifs.<\/p>\n\n\t\t<\/div>\n\t<\/div>\n<\/div><\/div><\/div><\/div><\/div><\/div><div class=\"vc_row wpb_row vc_row-fluid mkd-section vc_custom_1623438284866 mkd-content-aligment-left mkd-grid-section\" style=\"\"><div class=\"clearfix mkd-section-inner\"><div class=\"mkd-section-inner-margin clearfix\"><div class=\"wpb_column vc_column_container vc_col-sm-4\"><div class=\"vc_column-inner\"><div class=\"wpb_wrapper\"><div class=\"vc_empty_space\"   style=\"height: 10px\"><span class=\"vc_empty_space_inner\"><\/span><\/div>\n\t<div class=\"wpb_text_column wpb_content_element\" >\n\t\t<div class=\"wpb_wrapper\">\n\t\t\t<h3 style=\"font-weight: 600; margin-bottom: 10px;\">Yvon Bergeron<\/h3>\n<p><strong style=\"color: #3993ce;\">FONDATEUR ET PR\u00c9SIDENT DU CONSEIL D'ADMINISTRATION<\/strong><\/p>\n\n\t\t<\/div>\n\t<\/div>\n<div class=\"vc_empty_space\"   style=\"height: 10px\"><span class=\"vc_empty_space_inner\"><\/span><\/div><\/div><\/div><\/div><div class=\"wpb_column vc_column_container vc_col-sm-8\"><div class=\"vc_column-inner\"><div class=\"wpb_wrapper\"><div class=\"vc_empty_space\"   style=\"height: 10px\"><span class=\"vc_empty_space_inner\"><\/span><\/div>\n\t<div class=\"wpb_text_column wpb_content_element\" >\n\t\t<div class=\"wpb_wrapper\">\n\t\t\t<p>Depuis la cr\u00e9ation de Logiciels Radio IP en 1998, Yvon Bergeron occupe des postes techniques et de direction cl\u00e9s au sein de l'organisation. Il joue un r\u00f4le essentiel dans le d\u00e9veloppement de solutions logicielles permettant la communication de donn\u00e9es mobiles au travers de tous types de technologies de r\u00e9seaux sans fil. En tant qu\u2019architecte initial de MULT-IP et ARMADA, les solutions VPN mobile phares de l\u2019entreprise, Yvon a r\u00e9ussi \u00e0 maintenir Logiciels Radio IP \u00e0 la pointe des solutions de donn\u00e9es mobiles qui r\u00e9pondent aux besoins des utilisateurs sur les march\u00e9s verticaux. Yvon a obtenu un baccalaur\u00e9at en math\u00e9matiques et informatique de l'Universit\u00e9 de Sherbrooke en 1985.<\/p>\n\n\t\t<\/div>\n\t<\/div>\n<\/div><\/div><\/div><\/div><\/div><\/div><div class=\"vc_row wpb_row vc_row-fluid mkd-section vc_custom_1623438291752 mkd-content-aligment-left mkd-grid-section\" style=\"\"><div class=\"clearfix mkd-section-inner\"><div class=\"mkd-section-inner-margin clearfix\"><div class=\"wpb_column vc_column_container vc_col-sm-4\"><div class=\"vc_column-inner\"><div class=\"wpb_wrapper\"><div class=\"vc_empty_space\"   style=\"height: 10px\"><span class=\"vc_empty_space_inner\"><\/span><\/div>\n\t<div class=\"wpb_text_column wpb_content_element\" >\n\t\t<div class=\"wpb_wrapper\">\n\t\t\t<h3 style=\"font-weight: 600; margin-bottom: 10px;\">Roch Tremblay<\/h3>\n<p><strong style=\"color: #3993ce;\">DIRECTEUR DE L'EXPLOITATION<\/strong><\/p>\n\n\t\t<\/div>\n\t<\/div>\n<div class=\"vc_empty_space\"   style=\"height: 10px\"><span class=\"vc_empty_space_inner\"><\/span><\/div><\/div><\/div><\/div><div class=\"wpb_column vc_column_container vc_col-sm-8\"><div class=\"vc_column-inner\"><div class=\"wpb_wrapper\"><div class=\"vc_empty_space\"   style=\"height: 10px\"><span class=\"vc_empty_space_inner\"><\/span><\/div>\n\t<div class=\"wpb_text_column wpb_content_element\" >\n\t\t<div class=\"wpb_wrapper\">\n\t\t\t<p>Roch Tremblay est un cadre sup\u00e9rieur comptant plus de 15 ann\u00e9es d'exp\u00e9rience dans la direction de divers  d\u00e9partements et entreprises du secteur des t\u00e9l\u00e9communications et des services. L'exp\u00e9rience de Roch en mati\u00e8re de gestion des changements, de service \u00e0 la client\u00e8le et de gestion de projets \u00e0 grande \u00e9chelle, vient appuyer ses capacit\u00e9s solides de leadership et son engagement \u00e0 promouvoir une forte culture du service. Cr\u00e9ateur d'entreprise \u00e9nergique et cr\u00e9atif, Roch a particip\u00e9 au d\u00e9veloppement de d\u00e9partements \u00e0 travers le Canada, pour des entreprises telles que Shaw Direct, Bell Business Solutions (GFI), la Banque Nationale du Canada et Rona. Roch est \u00e9galement un conf\u00e9rencier reconnu qui a pris part \u00e0 divers forums et \u00e9v\u00e9nements concernant les interactions avec la client\u00e8le et la gestion des centres de contact.<\/p>\n\n\t\t<\/div>\n\t<\/div>\n<\/div><\/div><\/div><\/div><\/div><\/div><div class=\"vc_row wpb_row vc_row-fluid mkd-section vc_custom_1623438298152 mkd-content-aligment-left mkd-grid-section\" style=\"\"><div class=\"clearfix mkd-section-inner\"><div class=\"mkd-section-inner-margin clearfix\"><div class=\"wpb_column vc_column_container vc_col-sm-4\"><div class=\"vc_column-inner\"><div class=\"wpb_wrapper\"><div class=\"vc_empty_space\"   style=\"height: 10px\"><span class=\"vc_empty_space_inner\"><\/span><\/div>\n\t<div class=\"wpb_text_column wpb_content_element\" >\n\t\t<div class=\"wpb_wrapper\">\n\t\t\t<h3 style=\"font-weight: 600; margin-bottom: 10px;\">Marie Ernecq<\/h3>\n<p><strong style=\"color: #3993ce;\">DIRECTRICE R&D\/CQ\/SC<\/strong><\/p>\n\n\t\t<\/div>\n\t<\/div>\n<div class=\"vc_empty_space\"   style=\"height: 10px\"><span class=\"vc_empty_space_inner\"><\/span><\/div><\/div><\/div><\/div><div class=\"wpb_column vc_column_container vc_col-sm-8\"><div class=\"vc_column-inner\"><div class=\"wpb_wrapper\"><div class=\"vc_empty_space\"   style=\"height: 10px\"><span class=\"vc_empty_space_inner\"><\/span><\/div>\n\t<div class=\"wpb_text_column wpb_content_element\" >\n\t\t<div class=\"wpb_wrapper\">\n\t\t\t<p>Responsable chevronn\u00e9e des Op\u00e9rations comptant pr\u00e8s de 20 ann\u00e9es d'exp\u00e9rience pratique aupr\u00e8s de plusieurs employeurs de renom en technologie et recherche et d\u00e9veloppement, Marie poss\u00e8de une vaste expertise dans la gestion de projets de bout en bout, aussi bien en Europe qu'au Canada. Centr\u00e9e sur la client\u00e8le et ax\u00e9e sur l'obtention de r\u00e9sultats, Marie est une v\u00e9ritable passionn\u00e9e de l'innovation et du d\u00e9veloppement de produits. Elle est reconnue pour son d\u00e9vouement, son approche client et sa capacit\u00e9 \u00e0 pr\u00e9senter des informations techniques complexes de mani\u00e8re claire et concise.<\/p>\n\n\t\t<\/div>\n\t<\/div>\n<\/div><\/div><\/div><\/div><\/div><\/div><div class=\"vc_row wpb_row vc_row-fluid mkd-section vc_custom_1623438343485 mkd-content-aligment-left mkd-grid-section\" style=\"\"><div class=\"clearfix mkd-section-inner\"><div class=\"mkd-section-inner-margin clearfix\"><div class=\"wpb_column vc_column_container vc_col-sm-4\"><div class=\"vc_column-inner\"><div class=\"wpb_wrapper\"><div class=\"vc_empty_space\"   style=\"height: 10px\"><span class=\"vc_empty_space_inner\"><\/span><\/div>\n\t<div class=\"wpb_text_column wpb_content_element\" >\n\t\t<div class=\"wpb_wrapper\">\n\t\t\t<h3 style=\"font-weight: 600; margin-bottom: 10px;\">Genevi\u00e8ve Marchand<\/h3>\n<p><strong style=\"color: #3993ce; text-transform: uppercase;\">Responsable de l'administration, protection des donn\u00e9es personnels<\/strong><\/p>\n\n\t\t<\/div>\n\t<\/div>\n<div class=\"vc_empty_space\"   style=\"height: 10px\"><span class=\"vc_empty_space_inner\"><\/span><\/div><\/div><\/div><\/div><div class=\"wpb_column vc_column_container vc_col-sm-8\"><div class=\"vc_column-inner\"><div class=\"wpb_wrapper\"><div class=\"vc_empty_space\"   style=\"height: 10px\"><span class=\"vc_empty_space_inner\"><\/span><\/div>\n\t<div class=\"wpb_text_column wpb_content_element\" >\n\t\t<div class=\"wpb_wrapper\">\n\t\t\t<p>Avec plus de 20 ans d'exp\u00e9rience en op\u00e9rations de soutien \u00e0 la client\u00e8le et plus de 16 ans chez Radio IP, Genevi\u00e8ve a d\u00e9velopp\u00e9 une connaissance approfondie de l'organisation, puisqu'elle est reconnue comme la d\u00e9tentrice de l'histoire de Radio IP. Apr\u00e8s avoir travaill\u00e9 chez CGI (Bell Canada) pendant 6 ans, o\u00f9 elle a acquis son exp\u00e9rience en gestion des incidents, son objectif principal est d\u00e9sormais de mettre \u00e0 profit son savoir-faire afin de s'assurer que Radio IP surpasse les attentes de ses partenaires et de ses clients. En assurant une circulation constante des communications et une utilisation efficace des ressources \u00e0 travers l'organisation, Genevi\u00e8ve vise \u00e0 diriger, contr\u00f4ler et superviser l'efficacit\u00e9 de Radio IP afin de favoriser son succ\u00e8s \u00e0 long terme.<\/p>\n\n\t\t<\/div>\n\t<\/div>\n<\/div><\/div><\/div><\/div><\/div><\/div><div class=\"vc_row wpb_row vc_row-fluid mkd-section cta-blue vc_custom_1582017068928 mkd-content-aligment-center mkd-grid-section\" style=\"\"><div class=\"clearfix mkd-section-inner\"><div class=\"mkd-section-inner-margin clearfix\"><div class=\"wpb_column vc_column_container vc_col-sm-8\"><div class=\"vc_column-inner\"><div class=\"wpb_wrapper\">\n\t<div class=\"wpb_text_column wpb_content_element\" >\n\t\t<div class=\"wpb_wrapper\">\n\t\t\t<h3 style=\"margin-bottom: 0px; font-weight: 500; text-align: left;\"><span style=\"color: #ffffff;\">Vous avez une question? Besoin d'une soumission?<\/span><\/h3>\n<h5 style=\"text-align: left; margin-top: 5px; color: #fff; font-weight: 400;\">N'h\u00e9sitez pas \u00e0 nous contacter si vous avez des questions. Nous serons ravis de discuter avec vous.<\/h5>\n\n\t\t<\/div>\n\t<\/div>\n<\/div><\/div><\/div><div class=\"wpb_column vc_column_container vc_col-sm-4\"><div class=\"vc_column-inner\"><div class=\"wpb_wrapper\">\t<div class=\"mkd-button-overlay-wrapper\" style=\"margin: 25px 0 0 0\">\n\n\t<a itemprop=\"url\" href=\"https:\/\/www.radio-ip.com\/fr\/contacts\/\" target=\"_self\" style=\"margin: 25px 0 0 0\" class=\"mkd-btn mkd-btn-small mkd-btn-outline mkd-light mkd-btn-animation-yes\"  >\n\t    <span class=\"mkd-btn-text\">Contactez-Nous<\/span>\n\t    \t<\/a>\n\n\t\t<span class=\"mkd-button-overlay\" ><\/span>\n\n\t<\/div>\n<\/div><\/div><\/div><\/div><\/div><\/div>","protected":false},"excerpt":{"rendered":"Management Team Radio IP Software has, since its inception, assembled a key management team with extensive experience and a wealth of knowledge in developing, marketing and selling innovative wireless solutions. The continued success of Radio IP Software is due to strong leadership and expertise in...","protected":false},"author":1,"featured_media":0,"parent":10207,"menu_order":0,"comment_status":"closed","ping_status":"closed","template":"full-width.php","meta":[],"yoast_head":"<!-- This site is optimized with the Yoast SEO plugin v16.0.2 - https:\/\/yoast.com\/wordpress\/plugins\/seo\/ -->\n<title>Leadership - Management Team | Radio IP<\/title>\n<link rel=\"canonical\" href=\"https:\/\/www.radio-ip.com\/fr\/company\/leadership\/\" \/>\n<meta property=\"og:locale\" content=\"fr_CA\" \/>\n<meta property=\"og:type\" content=\"article\" \/>\n<meta property=\"og:title\" content=\"Leadership - Management Team | Radio IP\" \/>\n<meta property=\"og:url\" content=\"https:\/\/www.radio-ip.com\/fr\/company\/leadership\/\" \/>\n<meta property=\"og:site_name\" content=\"Radio IP\" \/>\n<meta property=\"article:modified_time\" content=\"2023-12-19T20:56:47+00:00\" \/>\n<meta name=\"twitter:card\" content=\"summary_large_image\" \/>\n<meta name=\"twitter:label1\" content=\"Est. reading time\">\n\t<meta name=\"twitter:data1\" content=\"3 minutes\">\n<script type=\"application\/ld+json\" class=\"yoast-schema-graph\">{\"@context\":\"https:\/\/schema.org\",\"@graph\":[{\"@type\":\"WebSite\",\"@id\":\"https:\/\/www.radio-ip.com\/fr\/#website\",\"url\":\"https:\/\/www.radio-ip.com\/fr\/\",\"name\":\"Radio IP\",\"description\":\"Mobile Virtual Private Network Solutions (MVPN)\",\"potentialAction\":[{\"@type\":\"SearchAction\",\"target\":\"https:\/\/www.radio-ip.com\/fr\/?s={search_term_string}\",\"query-input\":\"required name=search_term_string\"}],\"inLanguage\":\"fr-CA\"},{\"@type\":\"WebPage\",\"@id\":\"https:\/\/www.radio-ip.com\/company\/leadership\/#webpage\",\"url\":\"https:\/\/www.radio-ip.com\/company\/leadership\/\",\"name\":\"Leadership - Management Team | Radio IP\",\"isPartOf\":{\"@id\":\"https:\/\/www.radio-ip.com\/fr\/#website\"},\"datePublished\":\"2019-11-14T09:43:32+00:00\",\"dateModified\":\"2023-12-19T20:56:47+00:00\",\"breadcrumb\":{\"@id\":\"https:\/\/www.radio-ip.com\/company\/leadership\/#breadcrumb\"},\"inLanguage\":\"fr-CA\",\"potentialAction\":[{\"@type\":\"ReadAction\",\"target\":[\"https:\/\/www.radio-ip.com\/company\/leadership\/\"]}]},{\"@type\":\"BreadcrumbList\",\"@id\":\"https:\/\/www.radio-ip.com\/company\/leadership\/#breadcrumb\",\"itemListElement\":[{\"@type\":\"ListItem\",\"position\":1,\"item\":{\"@type\":\"WebPage\",\"@id\":\"https:\/\/www.radio-ip.com\/\",\"url\":\"https:\/\/www.radio-ip.com\/\",\"name\":\"Home\"}},{\"@type\":\"ListItem\",\"position\":2,\"item\":{\"@type\":\"WebPage\",\"@id\":\"https:\/\/www.radio-ip.com\/company\/\",\"url\":\"https:\/\/www.radio-ip.com\/company\/\",\"name\":\"Company\"}},{\"@type\":\"ListItem\",\"position\":3,\"item\":{\"@type\":\"WebPage\",\"@id\":\"https:\/\/www.radio-ip.com\/company\/leadership\/\",\"url\":\"https:\/\/www.radio-ip.com\/company\/leadership\/\",\"name\":\"Leadership\"}}]}]}<\/script>\n<!-- \/ Yoast SEO plugin. -->","_links":{"self":[{"href":"https:\/\/www.radio-ip.com\/fr\/wp-json\/wp\/v2\/pages\/10214"}],"collection":[{"href":"https:\/\/www.radio-ip.com\/fr\/wp-json\/wp\/v2\/pages"}],"about":[{"href":"https:\/\/www.radio-ip.com\/fr\/wp-json\/wp\/v2\/types\/page"}],"author":[{"embeddable":true,"href":"https:\/\/www.radio-ip.com\/fr\/wp-json\/wp\/v2\/users\/1"}],"replies":[{"embeddable":true,"href":"https:\/\/www.radio-ip.com\/fr\/wp-json\/wp\/v2\/comments?post=10214"}],"version-history":[{"count":43,"href":"https:\/\/www.radio-ip.com\/fr\/wp-json\/wp\/v2\/pages\/10214\/revisions"}],"predecessor-version":[{"id":12988,"href":"https:\/\/www.radio-ip.com\/fr\/wp-json\/wp\/v2\/pages\/10214\/revisions\/12988"}],"up":[{"embeddable":true,"href":"https:\/\/www.radio-ip.com\/fr\/wp-json\/wp\/v2\/pages\/10207"}],"wp:attachment":[{"href":"https:\/\/www.radio-ip.com\/fr\/wp-json\/wp\/v2\/media?parent=10214"}],"curies":[{"name":"wp","href":"https:\/\/api.w.org\/{rel}","templated":true}]}}