{"id":10209,"date":"2019-11-14T09:27:42","date_gmt":"2019-11-14T09:27:42","guid":{"rendered":"https:\/\/radioiptech.wpengine.com\/?page_id=10209"},"modified":"2024-02-15T17:35:51","modified_gmt":"2024-02-15T17:35:51","slug":"about-us","status":"publish","type":"page","link":"https:\/\/www.radio-ip.com\/fr\/company\/about-us\/","title":{"rendered":"\u00c0 propos de nous"},"content":{"rendered":"<div class=\"vc_row wpb_row vc_row-fluid mkd-section vc_custom_1701264458693 mkd-content-aligment-center mkd-grid-section\" style=\"\"><div class=\"clearfix mkd-section-inner\"><div class=\"mkd-section-inner-margin clearfix\"><div class=\"wpb_column vc_column_container vc_col-sm-12\"><div class=\"vc_column-inner vc_custom_1703016160146\"><div class=\"wpb_wrapper\">\n\t<div class=\"wpb_text_column wpb_content_element  mobcenter52\" >\n\t\t<div class=\"wpb_wrapper\">\n\t\t\t<h2 style=\"text-align: center; font-weight: 600; margin-bottom: 10px;\">Futur de la S\u00e9curit\u00e9 Mobile Red\u00e9fini<\/h2>\n\n\t\t<\/div>\n\t<\/div>\n<div class=\"vc_empty_space\"   style=\"height: 20px\"><span class=\"vc_empty_space_inner\"><\/span><\/div>\n\t<a itemprop=\"url\" href=\"https:\/\/www.radio-ip.com\/fr\/lets-hit-2022-with-a-word-from-our-coo-on-the-new-challenges-that-await-radio-ip-software\/\" target=\"_self\"  class=\"mkd-btn mkd-btn-medium mkd-btn-outline\"  >\n\t    <span class=\"mkd-btn-text\">En savoir plus<\/span>\n\t    \t<\/a>\n\n<\/div><\/div><\/div><\/div><\/div><\/div><div class=\"vc_row wpb_row vc_row-fluid mkd-section mkd-content-aligment-left mkd-grid-section\" style=\"\"><div class=\"clearfix mkd-section-inner\"><div class=\"mkd-section-inner-margin clearfix\"><div class=\"wpb_column vc_column_container vc_col-sm-12\"><div class=\"vc_column-inner\"><div class=\"wpb_wrapper\">\n\t<div class=\"wpb_text_column wpb_content_element  mobcenter52\" >\n\t\t<div class=\"wpb_wrapper\">\n\t\t\t<h2 style=\"text-align: center; font-weight: 600; margin-bottom: 10px;\" class=\" translation-block\">La communication des donn\u00e9es <span style=\"color: #0893ce;\">mobiles et les normes d\u2019itin\u00e9rance red\u00e9finies.<\/span><\/h2>\n<p style=\"text-align: center;\">Fond\u00e9 en 1998, Logiciels Radio IP est sp\u00e9cialis\u00e9e dans la conception de r\u00e9seaux priv\u00e9s virtuels mobiles innovants <strong>(\u00e9galement connus sous le terme VPN mobiles ou MVPN)<\/strong> et de solutions de s\u00e9curit\u00e9 mobiles. Nos logiciels sont destin\u00e9s aux petites, moyennes et grandes entreprises, au domaine militaire, \u00e0 la s\u00e9curit\u00e9 publique, aux services publics de l\u2019\u00e9nergie, \u00e0 l\u2019industrie du transport et \u00e0 toutes agences gouvernementales ayant des exigences pointues pour la s\u00e9curisation de leurs communications de donn\u00e9es critiques. Nos solutions offrent aux personnels mobiles, et ce en temps r\u00e9el, un acc\u00e8s s\u00e9curis\u00e9 \u00e0 une large gamme d\u2019applications et de r\u00e9seaux.<\/p>\n\n\t\t<\/div>\n\t<\/div>\n<div class=\"vc_empty_space\"   style=\"height: 10px\"><span class=\"vc_empty_space_inner\"><\/span><\/div>\n\t<div class=\"wpb_text_column wpb_content_element\" >\n\t\t<div class=\"wpb_wrapper\">\n\t\t\t<p>En tant que chef de file dans le domaine des communications mobiles, Logiciels Radio IP propose une gamme de solutions VPN mobiles sp\u00e9cialement con\u00e7us pour surmonter les probl\u00e8mes de performance, de s\u00e9curit\u00e9, de connectivit\u00e9 et d'itin\u00e9rance associ\u00e9s aux r\u00e9seaux sans fil afin d'obtenir des temps de r\u00e9ponse plus rapides. Destin\u00e9es aux infrastructures mobiles d'aujourd'hui, nos solutions permettent aux usagers mobiles de se d\u00e9placer de mani\u00e8re homog\u00e8ne \u00e0 travers tous types d'environnements r\u00e9seau.<\/p>\n\n\t\t<\/div>\n\t<\/div>\n<div class=\"vc_empty_space\"   style=\"height: 32px\"><span class=\"vc_empty_space_inner\"><\/span><\/div><\/div><\/div><\/div><\/div><\/div><\/div><div class=\"vc_row wpb_row vc_row-fluid mkd-section solutions-products rowhide11aug mkd-content-aligment-left mkd-grid-section\" style=\"\"><div class=\"clearfix mkd-section-inner\"><div class=\"mkd-section-inner-margin clearfix\"><div class=\"wpb_column vc_column_container vc_col-sm-12\"><div class=\"vc_column-inner\"><div class=\"wpb_wrapper\"><div class=\"vc_empty_space\"   style=\"height: 32px\"><span class=\"vc_empty_space_inner\"><\/span><\/div><div data-mkd-parallax-speed=\"1\" class=\"vc_row wpb_row vc_inner vc_row-fluid mkd-section mkd-content-aligment-center mkd-grid-section\" style=\"\"><div class=\"mkd-section-inner\"><div class=\"mkd-section-inner-margin clearfix\"><div class=\"wpb_column vc_column_container vc_col-sm-4\"><div class=\"vc_column-inner\"><div class=\"wpb_wrapper\">\n\t<div class=\"wpb_text_column wpb_content_element  vc_custom_1599292157232\" >\n\t\t<div class=\"wpb_wrapper\">\n\t\t\t<p><a href=\"Https:\/\/www.radioip.com\/solutions\/armada\/\"><img decoding=\"async\" loading=\"lazy\" class=\"size-medium wp-image-10572 aligncenter\" style=\"padding-top: 26px;\" src=\"https:\/\/www.radioip.com\/wp-content\/uploads\/2019\/12\/8680_ARMADA_logo_centre-300x86.png\" alt=\"\" width=\"300\" height=\"86\" srcset=\"https:\/\/www.radio-ip.com\/wp-content\/uploads\/2019\/12\/8680_ARMADA_logo_centre-300x86.png 300w, https:\/\/www.radio-ip.com\/wp-content\/uploads\/2019\/12\/8680_ARMADA_logo_centre-1024x292.png 1024w, https:\/\/www.radio-ip.com\/wp-content\/uploads\/2019\/12\/8680_ARMADA_logo_centre-768x219.png 768w, https:\/\/www.radio-ip.com\/wp-content\/uploads\/2019\/12\/8680_ARMADA_logo_centre-1536x438.png 1536w, https:\/\/www.radio-ip.com\/wp-content\/uploads\/2019\/12\/8680_ARMADA_logo_centre-600x171.png 600w\" sizes=\"(max-width: 300px) 100vw, 300px\" \/><\/a><\/p>\n<h4 style=\"text-align: center; font-weight: 600;\"><a href=\"Https:\/\/www.radioip.com\/solutions\/armada\/\">Armada<\/a><\/h4>\n<p style=\"text-align: center; padding-bottom: 60px;\">Gr\u00e2ce aux logiciels de Radio IP, soyez pr\u00eats \u00e0 relever les d\u00e9fis de la mobilit\u00e9 et de la s\u00e9curit\u00e9 r\u00e9sultant de la croissance consid\u00e9rable des donn\u00e9es \u00e9chang\u00e9es via des appareils connect\u00e9s.<\/p>\n\n\t\t<\/div>\n\t<\/div>\n<\/div><\/div><\/div><div class=\"wpb_column vc_column_container vc_col-sm-4\"><div class=\"vc_column-inner\"><div class=\"wpb_wrapper\">\n\t<div class=\"wpb_text_column wpb_content_element  vc_custom_1599292192148\" >\n\t\t<div class=\"wpb_wrapper\">\n\t\t\t<p><a href=\"https:\/\/www.radioip.com\/solutions\/mult-ip\/\"><img decoding=\"async\" loading=\"lazy\" class=\"size-full wp-image-10573 aligncenter\" style=\"padding-top: 20px;\" src=\"https:\/\/www.radioip.com\/wp-content\/uploads\/2019\/12\/Mult-IP-ICONE-inverse.png\" alt=\"\" width=\"90\" height=\"90\" srcset=\"https:\/\/www.radio-ip.com\/wp-content\/uploads\/2019\/12\/Mult-IP-ICONE-inverse.png 200w, https:\/\/www.radio-ip.com\/wp-content\/uploads\/2019\/12\/Mult-IP-ICONE-inverse-150x150.png 150w, https:\/\/www.radio-ip.com\/wp-content\/uploads\/2019\/12\/Mult-IP-ICONE-inverse-100x100.png 100w\" sizes=\"(max-width: 90px) 100vw, 90px\" \/><\/a><\/p>\n<h4 style=\"text-align: center; font-weight: 600;\"><a href=\"https:\/\/www.radioip.com\/solutions\/mult-ip\/\">Mult-IP<\/a><\/h4>\n<p style=\"text-align: center; padding-bottom: 60px;\">Une solution VPN mobile id\u00e9ale pour le personnel de la s\u00e9curit\u00e9 publique, des services publics, des interventions d'urgence ou pour d'autres personnels mobiles, Avec sa capacit\u00e9 \u00e0 utiliser plusieurs r\u00e9seaux, Mult-IP offre une couverture g\u00e9ographique plus \u00e9tendue et flexible que ses comp\u00e9titeurs.<\/p>\n\n\t\t<\/div>\n\t<\/div>\n<\/div><\/div><\/div><div class=\"wpb_column vc_column_container vc_col-sm-4\"><div class=\"vc_column-inner\"><div class=\"wpb_wrapper\">\n\t<div class=\"wpb_text_column wpb_content_element  vc_custom_1599292232931\" >\n\t\t<div class=\"wpb_wrapper\">\n\t\t\t<p><a href=\"https:\/\/www.radioip.com\/solutions\/synopsis\/\" rel=\"noopener noreferrer\"><img decoding=\"async\" loading=\"lazy\" class=\"size-full wp-image-10396 aligncenter\" style=\"margin-bottom: 22px; padding-top: 32px;\" src=\"https:\/\/www.radioip.com\/wp-content\/uploads\/2019\/12\/Logo-Synopsis-transp.png\" alt=\"\" width=\"300px\" height=\"103.05px\" \/><\/a><\/p>\n<h4 style=\"text-align: center; font-weight: 600;\"><a href=\"https:\/\/www.radioip.com\/solutions\/synopsis\/\" rel=\"noopener noreferrer\">Synopsis<\/a><\/h4>\n<p style=\"text-align: center; padding-left: 10px; padding-right: 10px; padding-bottom: 60px;\">Votre VPN mobile est strat\u00e9giquement int\u00e9gr\u00e9 \u00e0 votre infrastructure r\u00e9seau. Il g\u00e8re des donn\u00e9es essentielles. Il est conscient du type de r\u00e9seau sur lequel les donn\u00e9es sont transmises.<\/p>\n\n\t\t<\/div>\n\t<\/div>\n<\/div><\/div><\/div><\/div><\/div><\/div><div class=\"vc_empty_space\"   style=\"height: 32px\"><span class=\"vc_empty_space_inner\"><\/span><\/div><\/div><\/div><\/div><\/div><\/div><\/div><div class=\"vc_row wpb_row vc_row-fluid mkd-section list-space mkd-content-aligment-left mkd-grid-section\" style=\"\"><div class=\"clearfix mkd-section-inner\"><div class=\"mkd-section-inner-margin clearfix\"><div class=\"wpb_column vc_column_container vc_col-sm-12\"><div class=\"vc_column-inner\"><div class=\"wpb_wrapper\">\n\t<div class=\"wpb_text_column wpb_content_element\" >\n\t\t<div class=\"wpb_wrapper\">\n\t\t\t<p><strong>Nous offrons des services r\u00e9put\u00e9s destin\u00e9s aux communications essentielles pour diff\u00e9rentes missions et activit\u00e9s op\u00e9rationnelles. Nous collaborons avec une vari\u00e9t\u00e9 d'entreprises, d'agences de services publics et d'organisations gouvernementales en Am\u00e9rique du Nord, en Europe, en Asie du Sud-Est et en Australie.<\/strong><\/p>\n<p>Par cons\u00e9quent, Radio IP est maintenant reconnue comme figure majeure dans de nombreux secteurs d\u00e9pendant fortement des solutions de cybers\u00e9curit\u00e9, de t\u00e9l\u00e9communications et de r\u00e9seaux priv\u00e9s virtuels (VPN) mobiles. Notre technologie brevet\u00e9e de r\u00e9seaux concurrents offre diverses fonctionalit\u00e9s, telles que:<\/p>\n\n\t\t<\/div>\n\t<\/div>\n<div class=\"vc_empty_space\"   style=\"height: 32px\"><span class=\"vc_empty_space_inner\"><\/span><\/div><div class=\"mkd-unordered-list\" >\n\n            <ul>\n                            <li class=\"mkd-list-item\" >\n\n                    \n                    <span class=\"icon\"><i class=\"mkd-icon-font-awesome fa fa-check\" style=\"color:#0893ce;font-size:24px\" ><\/i><\/span>\n                    <span class=\"text\" style=\"color:#000000;font-size:16px\">Itin\u00e9rance mobile ininterrompue et s\u00e9curis\u00e9e entre diff\u00e9rents r\u00e9seaux c\u00e2bl\u00e9s et sans fil sur une large gamme d'appareils.<\/span>\n                <\/li>\n                            <li class=\"mkd-list-item\" >\n\n                    \n                    <span class=\"icon\"><i class=\"mkd-icon-font-awesome fa fa-check\" style=\"color:#0893ce;font-size:24px\" ><\/i><\/span>\n                    <span class=\"text\" style=\"color:#000000;font-size:16px\">Acc\u00e8s s\u00e9curis\u00e9 et fiable au r\u00e9seau et aux applications gr\u00e2ce \u00e0 un chiffrement et une authentification de pointe.<\/span>\n                <\/li>\n                            <li class=\"mkd-list-item\" >\n\n                    \n                    <span class=\"icon\"><i class=\"mkd-icon-font-awesome fa fa-check\" style=\"color:#0893ce;font-size:24px\" ><\/i><\/span>\n                    <span class=\"text\" style=\"color:#000000;font-size:16px\">Fonctionnalit\u00e9s avanc\u00e9es d'administration de plusieurs agences\/sites, am\u00e9liorant la rentabilit\u00e9 des investissements.<\/span>\n                <\/li>\n                    <\/ul>\n    \n<\/div>\n\t<div class=\"wpb_text_column wpb_content_element\" >\n\t\t<div class=\"wpb_wrapper\">\n\t\t\t<p>Cr\u00e9ez un r\u00e9seau de r\u00e9seaux! Radio IP propose des solutions VPN mobiles innovantes offrant un acc\u00e8s s\u00e9curis\u00e9 et en temps r\u00e9el \u00e0 un large \u00e9ventail d'applications. D\u00e9couvrez les solutions MVPN destin\u00e9es aux communications critiques, qui fonctionnent sur tous les r\u00e9seaux et sur tout type de syst\u00e8me d'exploitation. Ces solutions incluent des r\u00e9seaux concurrents, des politiques de groupe, des options de reprise apr\u00e8s sinistre, ainsi que l'introduction des indicateurs de Synopsis qui fournit la localisation GPS en temps r\u00e9el des appareils, la puissance du signal r\u00e9seau et le positionnement sur une carte g\u00e9ographique, \u00e0 la fois au travers de r\u00e9seaux IP et non IP. Combinez le meilleur de plusieurs r\u00e9seaux afin d'atteindre un niveau \u00e9lev\u00e9 de performance, de fiabilit\u00e9 et d'acc\u00e8s s\u00e9curis\u00e9.<\/p>\n\n\t\t<\/div>\n\t<\/div>\n<div class=\"vc_empty_space\"   style=\"height: 20px\"><span class=\"vc_empty_space_inner\"><\/span><\/div><\/div><\/div><\/div><\/div><\/div><\/div><div class=\"vc_row wpb_row vc_row-fluid mkd-section list-space mkd-content-aligment-left mkd-grid-section\" style=\"\"><div class=\"clearfix mkd-section-inner\"><div class=\"mkd-section-inner-margin clearfix\"><div class=\"wpb_column vc_column_container vc_col-sm-12\"><div class=\"vc_column-inner\"><div class=\"wpb_wrapper\">\n\t<div class=\"wpb_text_column wpb_content_element\" >\n\t\t<div class=\"wpb_wrapper\">\n\t\t\t<h2 style=\"text-align: center;\"><strong><span style=\"color: #0893ce;\">Mission<\/span> et <span style=\"color: #0893ce;\">Valeurs<\/span><\/strong><\/h2>\n\n\t\t<\/div>\n\t<\/div>\n\n\t<div class=\"wpb_text_column wpb_content_element\" >\n\t\t<div class=\"wpb_wrapper\">\n\t\t\t<p>Au cours des 25 derni\u00e8res ann\u00e9es, la mission de Radio IP a \u00e9t\u00e9 de fournir aux travailleurs mobiles des outils sophistiqu\u00e9s pour un acc\u00e8s s\u00e9curis\u00e9 et en temps r\u00e9el \u00e0 une panoplie d'applications et de r\u00e9seaux sans fil, de mani\u00e8re transparente et ininterrompue,<strong> de n'importe o\u00f9, sur n'importe quel appareil<\/strong>.<\/p>\n<p>Aujourd'hui, nous nous effor\u00e7ons de poursuivre notre mission tout en nous rapprochant de notre vision, qui consiste \u00e0 red\u00e9finir l'avenir de la mobilit\u00e9 s\u00e9curis\u00e9e.<\/p>\n<p>Nos valeurs fondamentales constituent <strong>les quatre piliers sur lesquels repose notre fonctionnement<\/strong> et notre vision:<\/p>\n\n\t\t<\/div>\n\t<\/div>\n<div class=\"vc_empty_space\"   style=\"height: 32px\"><span class=\"vc_empty_space_inner\"><\/span><\/div><div class=\"mkd-unordered-list\" >\n\n            <ul>\n                            <li class=\"mkd-list-item\" >\n\n                    \n                    <span class=\"icon\"><i class=\"mkd-icon-font-awesome fa fa-check\" style=\"color:#0893ce;font-size:24px\" ><\/i><\/span>\n                    <span class=\"text\" style=\"color:#000000;font-size:16px\">Innovation: afin de toujours proposer des solutions de pointe et d'aller au-del\u00e0 de vos attentes, il est indispensable pour nous de faire preuve d'innovation.<\/span>\n                <\/li>\n                            <li class=\"mkd-list-item\" >\n\n                    \n                    <span class=\"icon\"><i class=\"mkd-icon-font-awesome fa fa-check\" style=\"color:#0893ce;font-size:24px\" ><\/i><\/span>\n                    <span class=\"text\" style=\"color:#000000;font-size:16px\">Transparence: une approche communicationnelle claire et honn\u00eate est primordiale afin de r\u00e9pondre aux diff\u00e9rents besoins critiques de nos clients.<\/span>\n                <\/li>\n                            <li class=\"mkd-list-item\" >\n\n                    \n                    <span class=\"icon\"><i class=\"mkd-icon-font-awesome fa fa-check\" style=\"color:#0893ce;font-size:24px\" ><\/i><\/span>\n                    <span class=\"text\" style=\"color:#000000;font-size:16px\">Respect: en cr\u00e9ant un environnement num\u00e9rique s\u00fbr et s\u00e9curis\u00e9, le principe du respect est au c\u0153ur de cette volont\u00e9.<\/span>\n                <\/li>\n                            <li class=\"mkd-list-item\" >\n\n                    \n                    <span class=\"icon\"><i class=\"mkd-icon-font-awesome fa fa-check\" style=\"color:#0893ce;font-size:24px\" ><\/i><\/span>\n                    <span class=\"text\" style=\"color:#000000;font-size:16px\">Le travail d'\u00e9quipe: que ce soit au niveau interne ou externe, la coop\u00e9ration est le moteur de toute innovation.<\/span>\n                <\/li>\n                    <\/ul>\n    \n<\/div><div class=\"vc_empty_space\"   style=\"height: 32px\"><span class=\"vc_empty_space_inner\"><\/span><\/div><\/div><\/div><\/div><\/div><\/div><\/div><div class=\"vc_row wpb_row vc_row-fluid mkd-section cta-blue vc_custom_1703015810725 mkd-content-aligment-center mkd-grid-section\" style=\"\"><div class=\"clearfix mkd-section-inner\"><div class=\"mkd-section-inner-margin clearfix\"><div class=\"wpb_column vc_column_container vc_col-sm-8\"><div class=\"vc_column-inner\"><div class=\"wpb_wrapper\">\n\t<div class=\"wpb_text_column wpb_content_element\" >\n\t\t<div class=\"wpb_wrapper\">\n\t\t\t<h3 style=\"margin-bottom: 0px; font-weight: 500; text-align: left;\"><span style=\"color: #ffffff;\">Vous avez une question? Besoin d'une soumission?<\/span><\/h3>\n<h5 style=\"text-align: left; margin-top: 5px; color: #fff; font-weight: 400;\">N'h\u00e9sitez pas \u00e0 nous contacter si vous avez des questions. Nous serons ravis de discuter avec vous.<\/h5>\n\n\t\t<\/div>\n\t<\/div>\n<\/div><\/div><\/div><div class=\"wpb_column vc_column_container vc_col-sm-4\"><div class=\"vc_column-inner\"><div class=\"wpb_wrapper\">\t<div class=\"mkd-button-overlay-wrapper\" style=\"margin: 25px 0 0 0\">\n\n\t<a itemprop=\"url\" href=\"https:\/\/www.radio-ip.com\/fr\/contacts\/\" target=\"_self\" style=\"margin: 25px 0 0 0\" class=\"mkd-btn mkd-btn-small mkd-btn-outline mkd-light mkd-btn-animation-yes\"  >\n\t    <span class=\"mkd-btn-text\">Contactez-Nous<\/span>\n\t    \t<\/a>\n\n\t\t<span class=\"mkd-button-overlay\" ><\/span>\n\n\t<\/div>\n<\/div><\/div><\/div><\/div><\/div><\/div>","protected":false},"excerpt":{"rendered":"Redefining the Future of Secure Mobility Learn More Mobile Communication and Roaming Standards Redefined Established in 1998, Radio IP Software specializes in delivering innovative Mobile Virtual Private Network (also known as Mobile VPN or MVPN) and mobile security solutions to small and large enterprises, as...","protected":false},"author":1,"featured_media":0,"parent":10207,"menu_order":0,"comment_status":"closed","ping_status":"closed","template":"full-width.php","meta":[],"yoast_head":"<!-- This site is optimized with the Yoast SEO plugin v16.0.2 - https:\/\/yoast.com\/wordpress\/plugins\/seo\/ -->\n<title>About Us : Mobile VPN Solutions Provider | Radio IP<\/title>\n<link rel=\"canonical\" href=\"https:\/\/www.radio-ip.com\/fr\/company\/about-us\/\" \/>\n<meta property=\"og:locale\" content=\"fr_CA\" \/>\n<meta property=\"og:type\" content=\"article\" \/>\n<meta property=\"og:title\" content=\"About Us : Mobile VPN Solutions Provider | Radio IP\" \/>\n<meta property=\"og:url\" content=\"https:\/\/www.radio-ip.com\/fr\/company\/about-us\/\" \/>\n<meta property=\"og:site_name\" content=\"Radio IP\" \/>\n<meta property=\"article:modified_time\" content=\"2024-02-15T17:35:51+00:00\" \/>\n<meta property=\"og:image\" content=\"https:\/\/www.radioip.com\/wp-content\/uploads\/2019\/12\/8680_ARMADA_logo_centre-300x86.png\" \/>\n<meta name=\"twitter:card\" content=\"summary_large_image\" \/>\n<meta name=\"twitter:label1\" content=\"Est. reading time\">\n\t<meta name=\"twitter:data1\" content=\"4 minutes\">\n<script type=\"application\/ld+json\" class=\"yoast-schema-graph\">{\"@context\":\"https:\/\/schema.org\",\"@graph\":[{\"@type\":\"WebSite\",\"@id\":\"https:\/\/www.radio-ip.com\/fr\/#website\",\"url\":\"https:\/\/www.radio-ip.com\/fr\/\",\"name\":\"Radio IP\",\"description\":\"Mobile Virtual Private Network Solutions (MVPN)\",\"potentialAction\":[{\"@type\":\"SearchAction\",\"target\":\"https:\/\/www.radio-ip.com\/fr\/?s={search_term_string}\",\"query-input\":\"required name=search_term_string\"}],\"inLanguage\":\"fr-CA\"},{\"@type\":\"ImageObject\",\"@id\":\"https:\/\/www.radio-ip.com\/company\/about-us\/#primaryimage\",\"inLanguage\":\"fr-CA\",\"url\":\"https:\/\/www.radioip.com\/wp-content\/uploads\/2019\/12\/8680_ARMADA_logo_centre-300x86.png\"},{\"@type\":\"WebPage\",\"@id\":\"https:\/\/www.radio-ip.com\/company\/about-us\/#webpage\",\"url\":\"https:\/\/www.radio-ip.com\/company\/about-us\/\",\"name\":\"About Us : Mobile VPN Solutions Provider | Radio IP\",\"isPartOf\":{\"@id\":\"https:\/\/www.radio-ip.com\/fr\/#website\"},\"primaryImageOfPage\":{\"@id\":\"https:\/\/www.radio-ip.com\/company\/about-us\/#primaryimage\"},\"datePublished\":\"2019-11-14T09:27:42+00:00\",\"dateModified\":\"2024-02-15T17:35:51+00:00\",\"breadcrumb\":{\"@id\":\"https:\/\/www.radio-ip.com\/company\/about-us\/#breadcrumb\"},\"inLanguage\":\"fr-CA\",\"potentialAction\":[{\"@type\":\"ReadAction\",\"target\":[\"https:\/\/www.radio-ip.com\/company\/about-us\/\"]}]},{\"@type\":\"BreadcrumbList\",\"@id\":\"https:\/\/www.radio-ip.com\/company\/about-us\/#breadcrumb\",\"itemListElement\":[{\"@type\":\"ListItem\",\"position\":1,\"item\":{\"@type\":\"WebPage\",\"@id\":\"https:\/\/www.radio-ip.com\/\",\"url\":\"https:\/\/www.radio-ip.com\/\",\"name\":\"Home\"}},{\"@type\":\"ListItem\",\"position\":2,\"item\":{\"@type\":\"WebPage\",\"@id\":\"https:\/\/www.radio-ip.com\/company\/\",\"url\":\"https:\/\/www.radio-ip.com\/company\/\",\"name\":\"Company\"}},{\"@type\":\"ListItem\",\"position\":3,\"item\":{\"@type\":\"WebPage\",\"@id\":\"https:\/\/www.radio-ip.com\/company\/about-us\/\",\"url\":\"https:\/\/www.radio-ip.com\/company\/about-us\/\",\"name\":\"About Us\"}}]}]}<\/script>\n<!-- \/ Yoast SEO plugin. -->","_links":{"self":[{"href":"https:\/\/www.radio-ip.com\/fr\/wp-json\/wp\/v2\/pages\/10209"}],"collection":[{"href":"https:\/\/www.radio-ip.com\/fr\/wp-json\/wp\/v2\/pages"}],"about":[{"href":"https:\/\/www.radio-ip.com\/fr\/wp-json\/wp\/v2\/types\/page"}],"author":[{"embeddable":true,"href":"https:\/\/www.radio-ip.com\/fr\/wp-json\/wp\/v2\/users\/1"}],"replies":[{"embeddable":true,"href":"https:\/\/www.radio-ip.com\/fr\/wp-json\/wp\/v2\/comments?post=10209"}],"version-history":[{"count":42,"href":"https:\/\/www.radio-ip.com\/fr\/wp-json\/wp\/v2\/pages\/10209\/revisions"}],"predecessor-version":[{"id":13057,"href":"https:\/\/www.radio-ip.com\/fr\/wp-json\/wp\/v2\/pages\/10209\/revisions\/13057"}],"up":[{"embeddable":true,"href":"https:\/\/www.radio-ip.com\/fr\/wp-json\/wp\/v2\/pages\/10207"}],"wp:attachment":[{"href":"https:\/\/www.radio-ip.com\/fr\/wp-json\/wp\/v2\/media?parent=10209"}],"curies":[{"name":"wp","href":"https:\/\/api.w.org\/{rel}","templated":true}]}}