{"id":10207,"date":"2019-11-14T09:25:19","date_gmt":"2019-11-14T09:25:19","guid":{"rendered":"https:\/\/radioiptech.wpengine.com\/?page_id=10207"},"modified":"2023-11-29T13:49:13","modified_gmt":"2023-11-29T13:49:13","slug":"company","status":"publish","type":"page","link":"https:\/\/www.radio-ip.com\/fr\/company\/","title":{"rendered":"Entreprise"},"content":{"rendered":"<div class=\"vc_row wpb_row vc_row-fluid mkd-section mkd-content-aligment-left mkd-grid-section\" style=\"\"><div class=\"clearfix mkd-section-inner\"><div class=\"mkd-section-inner-margin clearfix\"><div class=\"wpb_column vc_column_container vc_col-sm-12\"><div class=\"vc_column-inner\"><div class=\"wpb_wrapper\">\n\t<div class=\"wpb_text_column wpb_content_element\" >\n\t\t<div class=\"wpb_wrapper\">\n\t\t\t<h2 style=\"text-align: center; font-weight: 600; margin-bottom: 10px;\" class=\" translation-block\">\u00c0 PROPOS DE <span style=\"color: #0893ce;\">RADIO IP<\/span><\/h2>\n<p style=\"text-align: center; font-weight: 400;\">Depuis 25 ans, Radio IP con\u00e7oit et d\u00e9veloppe des solutions logicielles de pointe, fournissant ainsi un acc\u00e8s s\u00e9curis\u00e9 quotidien aux r\u00e9seaux sans fil. Reconnue pour son expertise par de nombreux secteurs critiques, Radio IP a pour mission de permettre aux employ\u00e9s mobiles d\u2019\u00eatre:<\/p>\n\n\t\t<\/div>\n\t<\/div>\n\n\t<div class=\"wpb_text_column wpb_content_element\" >\n\t\t<div class=\"wpb_wrapper\">\n\t\t\t<h2 style=\"text-align: center;\"><strong>Toujours Op\u00e9rationnel, <span style=\"color: #0893ce;\">Toujours Connect\u00e9,<\/span> <span style=\"color: #f05a28;\">Toujours S\u00e9curis\u00e9!<\/span><\/strong><\/h2>\n\n\t\t<\/div>\n\t<\/div>\n<div class=\"vc_empty_space\"   style=\"height: 32px\"><span class=\"vc_empty_space_inner\"><\/span><\/div>\n\t<div class=\"wpb_text_column wpb_content_element\" >\n\t\t<div class=\"wpb_wrapper\">\n\t\t\t<h3 style=\"font-weight: 600; margin-bottom: 20px; text-align: left;\" class=\" translation-block\">Nos partenaires :<\/h3>\n<p>Gr\u00e2ce \u00e0 notre r\u00e9seau de partenaires \u00e0 travers le monde, Radio IP offre depuis plus de 20 ans une multitude de produits et services \u00e0 des industries telles que :<\/p>\n\n\t\t<\/div>\n\t<\/div>\n<div class=\"vc_empty_space\"   style=\"height: 32px\"><span class=\"vc_empty_space_inner\"><\/span><\/div><div class=\"mkd-unordered-list\" >\n\n            <ul>\n                            <li class=\"mkd-list-item\" >\n\n                    \n                    <span class=\"icon\"><i class=\"mkd-icon-font-awesome fa fa-check\" style=\"color:#0893ce;font-size:24px\" ><\/i><\/span>\n                    <span class=\"text\" style=\"color:#111111;font-size:16px\">Agences de s\u00e9curit\u00e9 publique : Police, services d'incendie, services m\u00e9dicaux d'urgence.<\/span>\n                <\/li>\n                            <li class=\"mkd-list-item\" >\n\n                    \n                    <span class=\"icon\"><i class=\"mkd-icon-font-awesome fa fa-check\" style=\"color:#0893ce;font-size:24px\" ><\/i><\/span>\n                    <span class=\"text\" style=\"color:#111111;font-size:16px\">Services publics, T\u00e9l\u00e9communications, Entreprises.<\/span>\n                <\/li>\n                            <li class=\"mkd-list-item\" >\n\n                    \n                    <span class=\"icon\"><i class=\"mkd-icon-font-awesome fa fa-check\" style=\"color:#0893ce;font-size:24px\" ><\/i><\/span>\n                    <span class=\"text\" style=\"color:#111111;font-size:16px\">Int\u00e9grateurs syst\u00e8mes.<\/span>\n                <\/li>\n                            <li class=\"mkd-list-item\" >\n\n                    \n                    <span class=\"icon\"><i class=\"mkd-icon-font-awesome fa fa-check\" style=\"color:#0893ce;font-size:24px\" ><\/i><\/span>\n                    <span class=\"text\" style=\"color:#111111;font-size:16px\">Partenaires technologiques internationaux.<\/span>\n                <\/li>\n                    <\/ul>\n    \n<\/div><div data-mkd-parallax-speed=\"1\" class=\"vc_row wpb_row vc_inner vc_row-fluid mkd-section mkd-content-aligment-left\" style=\"\"><div class=\"mkd-full-section-inner\"><div class=\"wpb_column vc_column_container vc_col-sm-12\"><div class=\"vc_column-inner\"><div class=\"wpb_wrapper\"><\/div><\/div><\/div><\/div><\/div><\/div><\/div><\/div><\/div><\/div><\/div><div class=\"vc_row wpb_row vc_row-fluid mkd-section list-space mkd-content-aligment-left mkd-grid-section\" style=\"\"><div class=\"clearfix mkd-section-inner\"><div class=\"mkd-section-inner-margin clearfix\"><div class=\"wpb_column vc_column_container vc_col-sm-12\"><div class=\"vc_column-inner\"><div class=\"wpb_wrapper\">\n\t<div class=\"wpb_text_column wpb_content_element\" >\n\t\t<div class=\"wpb_wrapper\">\n\t\t\t<h3 style=\"font-weight: 600; margin-bottom: 20px; text-align: left;\" class=\" translation-block\">Des solutions<span style=\"color: #0893ce;\"> prim\u00e9es<\/span><\/h3>\n<p>Gr\u00e2ce \u00e0 un savoir-faire unique, nous offrons des solutions adapt\u00e9es \u00e0 une multitude d\u2019industries.<\/p>\n<p>L'utilisation de nos technologies brevet\u00e9es permet de g\u00e9rer simultan\u00e9ment plusieurs r\u00e9seaux ind\u00e9pendants au sein d'un seul et m\u00eame VPN mobile, garantissant une connectivit\u00e9 s\u00e9curis\u00e9e et ininterrompue aux diff\u00e9rents personnels mobiles \u2014 quel que soit leur emplacement \u2014 tout en exc\u00e9dant les normes en mati\u00e8re de protection des donn\u00e9es.<\/p>\n\n\t\t<\/div>\n\t<\/div>\n<div class=\"vc_empty_space\"   style=\"height: 32px\"><span class=\"vc_empty_space_inner\"><\/span><\/div><\/div><\/div><\/div><\/div><\/div><\/div><div class=\"vc_row wpb_row vc_row-fluid mkd-section cta-blue vc_custom_1582017042575 mkd-content-aligment-center mkd-grid-section\" style=\"\"><div class=\"clearfix mkd-section-inner\"><div class=\"mkd-section-inner-margin clearfix\"><div class=\"wpb_column vc_column_container vc_col-sm-8\"><div class=\"vc_column-inner\"><div class=\"wpb_wrapper\">\n\t<div class=\"wpb_text_column wpb_content_element\" >\n\t\t<div class=\"wpb_wrapper\">\n\t\t\t<h3 style=\"margin-bottom: 0px; font-weight: 500; text-align: left;\"><span style=\"color: #ffffff;\">Vous avez une question? Besoin d'une soumission?<\/span><\/h3>\n<h5 style=\"text-align: left; margin-top: 5px; color: #fff; font-weight: 400;\">N'h\u00e9sitez pas \u00e0 nous contacter si vous avez des questions. Nous serons ravis de discuter avec vous.<\/h5>\n\n\t\t<\/div>\n\t<\/div>\n<\/div><\/div><\/div><div class=\"wpb_column vc_column_container vc_col-sm-4\"><div class=\"vc_column-inner\"><div class=\"wpb_wrapper\">\t<div class=\"mkd-button-overlay-wrapper\" style=\"margin: 25px 0 0 0\">\n\n\t<a itemprop=\"url\" href=\"https:\/\/www.radio-ip.com\/fr\/contacts\/\" target=\"_self\" style=\"margin: 25px 0 0 0\" class=\"mkd-btn mkd-btn-small mkd-btn-outline mkd-light mkd-btn-animation-yes\"  >\n\t    <span class=\"mkd-btn-text\">Contactez-Nous<\/span>\n\t    \t<\/a>\n\n\t\t<span class=\"mkd-button-overlay\" ><\/span>\n\n\t<\/div>\n<\/div><\/div><\/div><\/div><\/div><\/div>","protected":false},"excerpt":{"rendered":"About Radio IP For 25 years, Radio IP has provided sophisticated solutions for secure wireless network access for day-to-day operations. Trusted by a variety of mission-critical industries, Radio IP\u2019s mission is to keep mobile personnel: Always On, Always Connected, Always Secure! Who We Partner With:...","protected":false},"author":1,"featured_media":0,"parent":0,"menu_order":0,"comment_status":"closed","ping_status":"closed","template":"full-width.php","meta":[],"yoast_head":"<!-- This site is optimized with the Yoast SEO plugin v16.0.2 - https:\/\/yoast.com\/wordpress\/plugins\/seo\/ -->\n<title>Company - Radio IP<\/title>\n<link rel=\"canonical\" href=\"https:\/\/www.radio-ip.com\/fr\/company\/\" \/>\n<meta property=\"og:locale\" content=\"fr_CA\" \/>\n<meta property=\"og:type\" content=\"article\" \/>\n<meta property=\"og:title\" content=\"Company - Radio IP\" \/>\n<meta property=\"og:url\" content=\"https:\/\/www.radio-ip.com\/fr\/company\/\" \/>\n<meta property=\"og:site_name\" content=\"Radio IP\" \/>\n<meta property=\"article:modified_time\" content=\"2023-11-29T13:49:13+00:00\" \/>\n<meta name=\"twitter:card\" content=\"summary_large_image\" \/>\n<meta name=\"twitter:label1\" content=\"Est. reading time\">\n\t<meta name=\"twitter:data1\" content=\"1 minute\">\n<script type=\"application\/ld+json\" class=\"yoast-schema-graph\">{\"@context\":\"https:\/\/schema.org\",\"@graph\":[{\"@type\":\"WebSite\",\"@id\":\"https:\/\/www.radio-ip.com\/fr\/#website\",\"url\":\"https:\/\/www.radio-ip.com\/fr\/\",\"name\":\"Radio IP\",\"description\":\"Mobile Virtual Private Network Solutions (MVPN)\",\"potentialAction\":[{\"@type\":\"SearchAction\",\"target\":\"https:\/\/www.radio-ip.com\/fr\/?s={search_term_string}\",\"query-input\":\"required name=search_term_string\"}],\"inLanguage\":\"fr-CA\"},{\"@type\":\"WebPage\",\"@id\":\"https:\/\/www.radio-ip.com\/company\/#webpage\",\"url\":\"https:\/\/www.radio-ip.com\/company\/\",\"name\":\"Company - Radio IP\",\"isPartOf\":{\"@id\":\"https:\/\/www.radio-ip.com\/fr\/#website\"},\"datePublished\":\"2019-11-14T09:25:19+00:00\",\"dateModified\":\"2023-11-29T13:49:13+00:00\",\"breadcrumb\":{\"@id\":\"https:\/\/www.radio-ip.com\/company\/#breadcrumb\"},\"inLanguage\":\"fr-CA\",\"potentialAction\":[{\"@type\":\"ReadAction\",\"target\":[\"https:\/\/www.radio-ip.com\/company\/\"]}]},{\"@type\":\"BreadcrumbList\",\"@id\":\"https:\/\/www.radio-ip.com\/company\/#breadcrumb\",\"itemListElement\":[{\"@type\":\"ListItem\",\"position\":1,\"item\":{\"@type\":\"WebPage\",\"@id\":\"https:\/\/www.radio-ip.com\/\",\"url\":\"https:\/\/www.radio-ip.com\/\",\"name\":\"Home\"}},{\"@type\":\"ListItem\",\"position\":2,\"item\":{\"@type\":\"WebPage\",\"@id\":\"https:\/\/www.radio-ip.com\/company\/\",\"url\":\"https:\/\/www.radio-ip.com\/company\/\",\"name\":\"Company\"}}]}]}<\/script>\n<!-- \/ Yoast SEO plugin. -->","_links":{"self":[{"href":"https:\/\/www.radio-ip.com\/fr\/wp-json\/wp\/v2\/pages\/10207"}],"collection":[{"href":"https:\/\/www.radio-ip.com\/fr\/wp-json\/wp\/v2\/pages"}],"about":[{"href":"https:\/\/www.radio-ip.com\/fr\/wp-json\/wp\/v2\/types\/page"}],"author":[{"embeddable":true,"href":"https:\/\/www.radio-ip.com\/fr\/wp-json\/wp\/v2\/users\/1"}],"replies":[{"embeddable":true,"href":"https:\/\/www.radio-ip.com\/fr\/wp-json\/wp\/v2\/comments?post=10207"}],"version-history":[{"count":21,"href":"https:\/\/www.radio-ip.com\/fr\/wp-json\/wp\/v2\/pages\/10207\/revisions"}],"predecessor-version":[{"id":12759,"href":"https:\/\/www.radio-ip.com\/fr\/wp-json\/wp\/v2\/pages\/10207\/revisions\/12759"}],"wp:attachment":[{"href":"https:\/\/www.radio-ip.com\/fr\/wp-json\/wp\/v2\/media?parent=10207"}],"curies":[{"name":"wp","href":"https:\/\/api.w.org\/{rel}","templated":true}]}}