{"id":10131,"date":"2019-11-13T11:36:59","date_gmt":"2019-11-13T11:36:59","guid":{"rendered":"https:\/\/radioiptech.wpengine.com\/?page_id=10131"},"modified":"2023-12-05T14:56:23","modified_gmt":"2023-12-05T14:56:23","slug":"solutions","status":"publish","type":"page","link":"https:\/\/www.radio-ip.com\/fr\/solutions\/","title":{"rendered":"Solutions"},"content":{"rendered":"<div class=\"vc_row wpb_row vc_row-fluid mkd-section solutions-products vc_custom_1701208050328 mkd-content-aligment-center mkd-row-disable-margin mkd-grid-section\" style=\"\"><div class=\"clearfix mkd-section-inner\"><div class=\"mkd-section-inner-margin clearfix\"><div class=\"wpb_column vc_column_container vc_col-sm-4 vc_col-has-fill\"><div class=\"vc_column-inner vc_custom_1701788160343\"><div class=\"wpb_wrapper\"><div class=\"vc_empty_space\"   style=\"height: 10px\"><span class=\"vc_empty_space_inner\"><\/span><\/div>\n\t<div  class=\"wpb_single_image wpb_content_element vc_align_center\">\n\t\t\n\t\t<figure class=\"wpb_wrapper vc_figure\">\n\t\t\t<div class=\"vc_single_image-wrapper   vc_box_border_grey\"><img width=\"300\" height=\"86\" src=\"https:\/\/www.radio-ip.com\/wp-content\/uploads\/2023\/11\/2.Armada_page_solutions_300x90px.png\" class=\"vc_single_image-img attachment-full\" alt=\"\" decoding=\"async\" loading=\"lazy\" srcset=\"https:\/\/www.radio-ip.com\/wp-content\/uploads\/2023\/11\/2.Armada_page_solutions_300x90px.png 300w, https:\/\/www.radio-ip.com\/wp-content\/uploads\/2023\/11\/2.Armada_page_solutions_300x90px-16x5.png 16w\" sizes=\"(max-width: 300px) 100vw, 300px\" \/><\/div>\n\t\t<\/figure>\n\t<\/div>\n\n\t<div class=\"wpb_text_column wpb_content_element\" >\n\t\t<div class=\"wpb_wrapper\">\n\t\t\t<h4 style=\"text-align: center;\"><strong><a href=\"https:\/\/www.radio-ip.com\/fr\/solutions\/armada\/\">Armada<\/a><\/strong><\/h4>\n\n\t\t<\/div>\n\t<\/div>\n\n\t<div class=\"wpb_text_column wpb_content_element\" >\n\t\t<div class=\"wpb_wrapper\">\n\t\t\t<p style=\"text-align: center;\">Gr\u00e2ce aux logiciels de Radio IP, soyez pr\u00eats \u00e0 relever les d\u00e9fis de la mobilit\u00e9 et de la s\u00e9curit\u00e9 r\u00e9sultant de la croissance consid\u00e9rable des donn\u00e9es \u00e9chang\u00e9es via des appareils connect\u00e9s.<\/p>\n\n\t\t<\/div>\n\t<\/div>\n<div class=\"vc_empty_space\"   style=\"height: 52px\"><span class=\"vc_empty_space_inner\"><\/span><\/div>\n\t<div class=\"wpb_text_column wpb_content_element\" >\n\t\t<div class=\"wpb_wrapper\">\n\t\t\t<h4 style=\"text-align: center;\"><strong><img decoding=\"async\" loading=\"lazy\" class=\"alignnone wp-image-12929\" src=\"https:\/\/www.radio-ip.com\/wp-content\/uploads\/2023\/12\/360_F_298315763_68ohzHJ9mhVe02if96693ZbxY3wJ0Kbw-2-1.png\" alt=\"\" width=\"22\" height=\"23\" srcset=\"https:\/\/www.radio-ip.com\/wp-content\/uploads\/2023\/12\/360_F_298315763_68ohzHJ9mhVe02if96693ZbxY3wJ0Kbw-2-1.png 203w, https:\/\/www.radio-ip.com\/wp-content\/uploads\/2023\/12\/360_F_298315763_68ohzHJ9mhVe02if96693ZbxY3wJ0Kbw-2-1-150x150.png 150w, https:\/\/www.radio-ip.com\/wp-content\/uploads\/2023\/12\/360_F_298315763_68ohzHJ9mhVe02if96693ZbxY3wJ0Kbw-2-1-11x12.png 11w\" sizes=\"(max-width: 22px) 100vw, 22px\" \/> \u00a0<a href=\"https:\/\/www.youtube.com\/watch?v=GdyeVxTW6uw&amp;t=1s\">Le VPN le plus efficace de Radio IP pour la s\u00e9curit\u00e9 publique<\/a><\/strong><\/h4>\n\n\t\t<\/div>\n\t<\/div>\n<div class=\"vc_empty_space\"   style=\"height: 33px\"><span class=\"vc_empty_space_inner\"><\/span><\/div><\/div><\/div><\/div><div class=\"wpb_column vc_column_container vc_col-sm-4 vc_col-has-fill\"><div class=\"vc_column-inner vc_custom_1701447142331\"><div class=\"wpb_wrapper\"><div class=\"vc_empty_space\"   style=\"height: 10px\"><span class=\"vc_empty_space_inner\"><\/span><\/div>\n\t<div  class=\"wpb_single_image wpb_content_element vc_align_center\">\n\t\t\n\t\t<figure class=\"wpb_wrapper vc_figure\">\n\t\t\t<div class=\"vc_single_image-wrapper   vc_box_border_grey\"><img width=\"300\" height=\"86\" src=\"https:\/\/www.radio-ip.com\/wp-content\/uploads\/2023\/11\/2.Mult-IP_page_solutions_300x90px.png\" class=\"vc_single_image-img attachment-full\" alt=\"\" decoding=\"async\" loading=\"lazy\" srcset=\"https:\/\/www.radio-ip.com\/wp-content\/uploads\/2023\/11\/2.Mult-IP_page_solutions_300x90px.png 300w, https:\/\/www.radio-ip.com\/wp-content\/uploads\/2023\/11\/2.Mult-IP_page_solutions_300x90px-16x5.png 16w\" sizes=\"(max-width: 300px) 100vw, 300px\" \/><\/div>\n\t\t<\/figure>\n\t<\/div>\n\n\t<div class=\"wpb_text_column wpb_content_element\" >\n\t\t<div class=\"wpb_wrapper\">\n\t\t\t<h4 style=\"text-align: center;\"><strong><a href=\"https:\/\/www.radio-ip.com\/fr\/solutions\/mult-ip\/\">Mult-IP<\/a><\/strong><\/h4>\n\n\t\t<\/div>\n\t<\/div>\n\n\t<div class=\"wpb_text_column wpb_content_element\" >\n\t\t<div class=\"wpb_wrapper\">\n\t\t\t<p style=\"text-align: center;\">Une solution VPN mobile id\u00e9ale pour le personnel de la s\u00e9curit\u00e9 publique, des services publics, des interventions d'urgence ou pour d'autres personnels mobiles, Avec sa capacit\u00e9 \u00e0 utiliser plusieurs r\u00e9seaux, Mult-IP offre une couverture g\u00e9ographique plus \u00e9tendue et flexible que ses comp\u00e9titeurs.<\/p>\n\n\t\t<\/div>\n\t<\/div>\n<div class=\"vc_empty_space\"   style=\"height: 26px\"><span class=\"vc_empty_space_inner\"><\/span><\/div>\n\t<div class=\"wpb_text_column wpb_content_element\" >\n\t\t<div class=\"wpb_wrapper\">\n\t\t\t<h4 style=\"text-align: center;\"><strong><img decoding=\"async\" loading=\"lazy\" class=\"\" src=\"https:\/\/www.radio-ip.com\/wp-content\/uploads\/2023\/12\/360_F_298315763_68ohzHJ9mhVe02if96693ZbxY3wJ0Kbw-e1701444522881.png\" width=\"22\" height=\"16\" \/> \u00a0<a href=\"https:\/\/www.youtube.com\/watch?v=LHNo1mFhbug&amp;t=2s\">Qu'est-ce qu'un VPN mobile ?<\/a><\/strong><\/h4>\n\n\t\t<\/div>\n\t<\/div>\n<div class=\"vc_empty_space\"   style=\"height: 62px\"><span class=\"vc_empty_space_inner\"><\/span><\/div><\/div><\/div><\/div><div class=\"wpb_column vc_column_container vc_col-sm-4 vc_col-has-fill\"><div class=\"vc_column-inner vc_custom_1701788153970\"><div class=\"wpb_wrapper\"><div class=\"vc_empty_space\"   style=\"height: 10px\"><span class=\"vc_empty_space_inner\"><\/span><\/div>\n\t<div  class=\"wpb_single_image wpb_content_element vc_align_center\">\n\t\t\n\t\t<figure class=\"wpb_wrapper vc_figure\">\n\t\t\t<div class=\"vc_single_image-wrapper   vc_box_border_grey\"><img width=\"300\" height=\"86\" src=\"https:\/\/www.radio-ip.com\/wp-content\/uploads\/2023\/11\/2.Synopsis_page_solutions_300x90px.png\" class=\"vc_single_image-img attachment-full\" alt=\"\" decoding=\"async\" loading=\"lazy\" srcset=\"https:\/\/www.radio-ip.com\/wp-content\/uploads\/2023\/11\/2.Synopsis_page_solutions_300x90px.png 300w, https:\/\/www.radio-ip.com\/wp-content\/uploads\/2023\/11\/2.Synopsis_page_solutions_300x90px-16x5.png 16w\" sizes=\"(max-width: 300px) 100vw, 300px\" \/><\/div>\n\t\t<\/figure>\n\t<\/div>\n\n\t<div class=\"wpb_text_column wpb_content_element\" >\n\t\t<div class=\"wpb_wrapper\">\n\t\t\t<h4 style=\"text-align: center;\"><strong><a href=\"https:\/\/www.radio-ip.com\/fr\/solutions\/synopsis\/\">Synopsis<\/a><\/strong><\/h4>\n\n\t\t<\/div>\n\t<\/div>\n\n\t<div class=\"wpb_text_column wpb_content_element\" >\n\t\t<div class=\"wpb_wrapper\">\n\t\t\t<p style=\"text-align: center;\">Votre VPN mobile est strat\u00e9giquement int\u00e9gr\u00e9 \u00e0 votre infrastructure r\u00e9seau. Il g\u00e8re des donn\u00e9es essentielles. Il est conscient du type de r\u00e9seau sur lequel les donn\u00e9es sont transmises. Il sait quelle application g\u00e9n\u00e8re des donn\u00e9es. Il est en mesure de distinguer quelle unit\u00e9 mobile utilise quelle interface.<\/p>\n\n\t\t<\/div>\n\t<\/div>\n\n\t<div class=\"wpb_text_column wpb_content_element\" >\n\t\t<div class=\"wpb_wrapper\">\n\t\t\t<h4 style=\"text-align: center;\"><strong><img decoding=\"async\" loading=\"lazy\" class=\"\" src=\"https:\/\/www.radio-ip.com\/wp-content\/uploads\/2023\/12\/360_F_298315763_68ohzHJ9mhVe02if96693ZbxY3wJ0Kbw-e1701444522881.png\" width=\"22\" height=\"17\" \/>\u00a0 <a href=\"https:\/\/www.youtube.com\/watch?v=uPzHq13NUrI\">Monitor your Data from\u00a0 \u00a0 \u00a0 \u00a0 Anywhere, at Any Time!<\/a><\/strong><\/h4>\n\n\t\t<\/div>\n\t<\/div>\n<div class=\"vc_empty_space\"   style=\"height: 32px\"><span class=\"vc_empty_space_inner\"><\/span><\/div><\/div><\/div><\/div><\/div><\/div><\/div><div class=\"vc_row wpb_row vc_row-fluid mkd-section mkd-content-aligment-left\" style=\"\"><div class=\"clearfix mkd-full-section-inner\"><div class=\"wpb_column vc_column_container vc_col-sm-12\"><div class=\"vc_column-inner\"><div class=\"wpb_wrapper\"><div class=\"vc_empty_space\"   style=\"height: 32px\"><span class=\"vc_empty_space_inner\"><\/span><\/div><\/div><\/div><\/div><\/div><\/div><div class=\"vc_row wpb_row vc_row-fluid mkd-section cta-blue vc_custom_1582016845539 mkd-content-aligment-center mkd-grid-section\" style=\"\"><div class=\"clearfix mkd-section-inner\"><div class=\"mkd-section-inner-margin clearfix\"><div class=\"wpb_column vc_column_container vc_col-sm-8\"><div class=\"vc_column-inner\"><div class=\"wpb_wrapper\">\n\t<div class=\"wpb_text_column wpb_content_element\" >\n\t\t<div class=\"wpb_wrapper\">\n\t\t\t<h3 style=\"margin-bottom: 0px; font-weight: 500; text-align: left;\"><span style=\"color: #ffffff;\">Vous avez une question? Besoin d'une soumission?<\/span><\/h3>\n<h5 style=\"text-align: left; margin-top: 5px; color: #fff; font-weight: 400;\">N'h\u00e9sitez pas \u00e0 nous contacter si vous avez des questions. Nous serons ravis de discuter avec vous.<\/h5>\n\n\t\t<\/div>\n\t<\/div>\n<\/div><\/div><\/div><div class=\"wpb_column vc_column_container vc_col-sm-4\"><div class=\"vc_column-inner\"><div class=\"wpb_wrapper\">\t<div class=\"mkd-button-overlay-wrapper\" style=\"margin: 25px 0 0 0\">\n\n\t<a itemprop=\"url\" href=\"https:\/\/www.radio-ip.com\/fr\/contacts\/\" target=\"_self\" style=\"margin: 25px 0 0 0\" class=\"mkd-btn mkd-btn-small mkd-btn-outline mkd-light mkd-btn-animation-yes\"  >\n\t    <span class=\"mkd-btn-text\">Contactez-Nous<\/span>\n\t    \t<\/a>\n\n\t\t<span class=\"mkd-button-overlay\" ><\/span>\n\n\t<\/div>\n<\/div><\/div><\/div><\/div><\/div><\/div>","protected":false},"excerpt":{"rendered":"Armada With Radio IP\u2019s Softwares, Be ready to meet the Mobility and Security Challenges caused by the tremendous growth of data exchanged through connected devices. \u00a0Radio IP\u2019s Best VPN for Public Safety Mult-IP An ideal mobile VPN solution for public safety, utilities, emergency response, or...","protected":false},"author":1,"featured_media":0,"parent":0,"menu_order":0,"comment_status":"closed","ping_status":"closed","template":"full-width.php","meta":[],"yoast_head":"<!-- This site is optimized with the Yoast SEO plugin v16.0.2 - https:\/\/yoast.com\/wordpress\/plugins\/seo\/ -->\n<title>Solutions - Radio IP<\/title>\n<link rel=\"canonical\" href=\"https:\/\/www.radio-ip.com\/fr\/solutions\/\" \/>\n<meta property=\"og:locale\" content=\"fr_CA\" \/>\n<meta property=\"og:type\" content=\"article\" \/>\n<meta property=\"og:title\" content=\"Solutions - Radio IP\" \/>\n<meta property=\"og:url\" content=\"https:\/\/www.radio-ip.com\/fr\/solutions\/\" \/>\n<meta property=\"og:site_name\" content=\"Radio IP\" \/>\n<meta property=\"article:modified_time\" content=\"2023-12-05T14:56:23+00:00\" \/>\n<meta property=\"og:image\" content=\"https:\/\/www.radio-ip.com\/wp-content\/uploads\/2023\/12\/360_F_298315763_68ohzHJ9mhVe02if96693ZbxY3wJ0Kbw-2-1.png\" \/>\n<meta name=\"twitter:card\" content=\"summary_large_image\" \/>\n<meta name=\"twitter:label1\" content=\"Est. reading time\">\n\t<meta name=\"twitter:data1\" content=\"2 minutes\">\n<script type=\"application\/ld+json\" class=\"yoast-schema-graph\">{\"@context\":\"https:\/\/schema.org\",\"@graph\":[{\"@type\":\"WebSite\",\"@id\":\"https:\/\/www.radio-ip.com\/fr\/#website\",\"url\":\"https:\/\/www.radio-ip.com\/fr\/\",\"name\":\"Radio IP\",\"description\":\"Mobile Virtual Private Network Solutions (MVPN)\",\"potentialAction\":[{\"@type\":\"SearchAction\",\"target\":\"https:\/\/www.radio-ip.com\/fr\/?s={search_term_string}\",\"query-input\":\"required name=search_term_string\"}],\"inLanguage\":\"fr-CA\"},{\"@type\":\"ImageObject\",\"@id\":\"https:\/\/www.radio-ip.com\/solutions\/#primaryimage\",\"inLanguage\":\"fr-CA\",\"url\":\"https:\/\/www.radio-ip.com\/wp-content\/uploads\/2023\/12\/360_F_298315763_68ohzHJ9mhVe02if96693ZbxY3wJ0Kbw-2-1.png\",\"width\":203,\"height\":215},{\"@type\":\"WebPage\",\"@id\":\"https:\/\/www.radio-ip.com\/solutions\/#webpage\",\"url\":\"https:\/\/www.radio-ip.com\/solutions\/\",\"name\":\"Solutions - Radio IP\",\"isPartOf\":{\"@id\":\"https:\/\/www.radio-ip.com\/fr\/#website\"},\"primaryImageOfPage\":{\"@id\":\"https:\/\/www.radio-ip.com\/solutions\/#primaryimage\"},\"datePublished\":\"2019-11-13T11:36:59+00:00\",\"dateModified\":\"2023-12-05T14:56:23+00:00\",\"breadcrumb\":{\"@id\":\"https:\/\/www.radio-ip.com\/solutions\/#breadcrumb\"},\"inLanguage\":\"fr-CA\",\"potentialAction\":[{\"@type\":\"ReadAction\",\"target\":[\"https:\/\/www.radio-ip.com\/solutions\/\"]}]},{\"@type\":\"BreadcrumbList\",\"@id\":\"https:\/\/www.radio-ip.com\/solutions\/#breadcrumb\",\"itemListElement\":[{\"@type\":\"ListItem\",\"position\":1,\"item\":{\"@type\":\"WebPage\",\"@id\":\"https:\/\/www.radio-ip.com\/\",\"url\":\"https:\/\/www.radio-ip.com\/\",\"name\":\"Home\"}},{\"@type\":\"ListItem\",\"position\":2,\"item\":{\"@type\":\"WebPage\",\"@id\":\"https:\/\/www.radio-ip.com\/solutions\/\",\"url\":\"https:\/\/www.radio-ip.com\/solutions\/\",\"name\":\"Solutions\"}}]}]}<\/script>\n<!-- \/ Yoast SEO plugin. -->","_links":{"self":[{"href":"https:\/\/www.radio-ip.com\/fr\/wp-json\/wp\/v2\/pages\/10131"}],"collection":[{"href":"https:\/\/www.radio-ip.com\/fr\/wp-json\/wp\/v2\/pages"}],"about":[{"href":"https:\/\/www.radio-ip.com\/fr\/wp-json\/wp\/v2\/types\/page"}],"author":[{"embeddable":true,"href":"https:\/\/www.radio-ip.com\/fr\/wp-json\/wp\/v2\/users\/1"}],"replies":[{"embeddable":true,"href":"https:\/\/www.radio-ip.com\/fr\/wp-json\/wp\/v2\/comments?post=10131"}],"version-history":[{"count":40,"href":"https:\/\/www.radio-ip.com\/fr\/wp-json\/wp\/v2\/pages\/10131\/revisions"}],"predecessor-version":[{"id":12933,"href":"https:\/\/www.radio-ip.com\/fr\/wp-json\/wp\/v2\/pages\/10131\/revisions\/12933"}],"wp:attachment":[{"href":"https:\/\/www.radio-ip.com\/fr\/wp-json\/wp\/v2\/media?parent=10131"}],"curies":[{"name":"wp","href":"https:\/\/api.w.org\/{rel}","templated":true}]}}